{"id":10003,"date":"2023-04-05T08:21:10","date_gmt":"2023-04-05T08:21:10","guid":{"rendered":"https:\/\/reactheme.com\/products\/wordpress\/elevate\/?page_id=10003"},"modified":"2024-04-04T09:14:15","modified_gmt":"2024-04-04T07:14:15","slug":"itii-bourgogne","status":"publish","type":"page","link":"https:\/\/wp.itiibourgogne.fr\/index.php\/itii-bourgogne\/","title":{"rendered":"ITII BOURGOGNE"},"content":{"rendered":"\t\t<div data-elementor-type=\"wp-page\" data-elementor-id=\"10003\" class=\"elementor elementor-10003\">\n\t\t\t\t\t\t\t\t\t<section class=\"elementor-section elementor-top-section elementor-element elementor-element-738f1c9 elementor-section-stretched elementor-section-boxed elementor-section-height-default elementor-section-height-default\" data-id=\"738f1c9\" data-element_type=\"section\" id=\"services\" data-settings=\"{&quot;stretch_section&quot;:&quot;section-stretched&quot;,&quot;background_background&quot;:&quot;classic&quot;}\">\n\t\t\t\t\t\t<div class=\"elementor-container elementor-column-gap-default\">\n\t\t\t\t\t<div class=\"elementor-column elementor-col-100 elementor-top-column elementor-element elementor-element-efe5241\" data-id=\"efe5241\" data-element_type=\"column\">\n\t\t\t<div class=\"elementor-widget-wrap elementor-element-populated\">\n\t\t\t\t\t\t\t\t<div class=\"elementor-element elementor-element-3285d00 elementor-widget elementor-widget-react-heading\" data-id=\"3285d00\" data-element_type=\"widget\" data-widget_type=\"react-heading.default\">\n\t\t\t\t<div class=\"elementor-widget-container\">\n\t\t\t\t  \r\n        <div class=\"react-heading default center title-border-no\">\r\n        \t<div class=\"title-inner no\">        \t\t      \t\t\r\n\t            <h2 class=\"title\" data-aos-delay=\"300\" data-aos=\"fade-up\" data-aos-duration=\"800\" data-aos-once=\"true\">ITII BOURGOGNE<\/h2>\t        <\/div>\r\n\t\t\t\t        \r\n\t            \r\n        <\/div>\r\n        \t\t<\/div>\n\t\t\t\t<\/div>\n\t\t\t\t\t<\/div>\n\t\t<\/div>\n\t\t\t\t\t\t\t<\/div>\n\t\t<\/section>\n\t\t\t\t<section class=\"elementor-section elementor-top-section elementor-element elementor-element-59d5f8e elementor-section-stretched elementor-section-boxed elementor-section-height-default elementor-section-height-default\" data-id=\"59d5f8e\" data-element_type=\"section\" data-settings=\"{&quot;stretch_section&quot;:&quot;section-stretched&quot;,&quot;background_background&quot;:&quot;classic&quot;}\">\n\t\t\t\t\t\t<div class=\"elementor-container elementor-column-gap-default\">\n\t\t\t\t\t<div class=\"elementor-column elementor-col-100 elementor-top-column elementor-element elementor-element-7083f48\" data-id=\"7083f48\" data-element_type=\"column\">\n\t\t\t<div class=\"elementor-widget-wrap elementor-element-populated\">\n\t\t\t\t\t\t\t\t<section class=\"elementor-section elementor-inner-section elementor-element elementor-element-c1f08ff elementor-section-boxed elementor-section-height-default elementor-section-height-default\" data-id=\"c1f08ff\" data-element_type=\"section\">\n\t\t\t\t\t\t<div class=\"elementor-container elementor-column-gap-default\">\n\t\t\t\t\t<div class=\"elementor-column elementor-col-50 elementor-inner-column elementor-element elementor-element-76ef508\" data-id=\"76ef508\" data-element_type=\"column\">\n\t\t\t<div class=\"elementor-widget-wrap elementor-element-populated\">\n\t\t\t\t\t\t\t\t<div class=\"elementor-element elementor-element-9fefe56 elementor-widget elementor-widget-react-heading\" data-id=\"9fefe56\" data-element_type=\"widget\" data-widget_type=\"react-heading.default\">\n\t\t\t\t<div class=\"elementor-widget-container\">\n\t\t\t\t  \r\n        <div class=\"react-heading default left title-border-no\">\r\n        \t<div class=\"title-inner no\">        \t\t      \t\t\r\n\t            <span class=\"sub-text\" data-aos-delay=\"200\" data-aos=\"fade-up\" data-aos-duration=\"800\" data-aos-once=\"true\">Pr\u00e9sentation g\u00e9n\u00e9rale<\/span><h2 class=\"title\" data-aos-delay=\"300\" data-aos=\"fade-up\" data-aos-duration=\"800\" data-aos-once=\"true\">Premi\u00e8re formation cr\u00e9\u00e9e pour former des ing\u00e9nieurs par la voie de l'apprentissage et de la formation continue<\/h2>\t        <\/div>\r\n\t\t\t\t        \r\n\t            \r\n        <\/div>\r\n        \t\t<\/div>\n\t\t\t\t<\/div>\n\t\t\t\t\t<\/div>\n\t\t<\/div>\n\t\t\t\t<div class=\"elementor-column elementor-col-50 elementor-inner-column elementor-element elementor-element-a83e9c1\" data-id=\"a83e9c1\" data-element_type=\"column\">\n\t\t\t<div class=\"elementor-widget-wrap elementor-element-populated\">\n\t\t\t\t\t\t\t\t<div class=\"elementor-element elementor-element-d73e958 elementor-widget elementor-widget-text-editor\" data-id=\"d73e958\" data-element_type=\"widget\" data-widget_type=\"text-editor.default\">\n\t\t\t\t<div class=\"elementor-widget-container\">\n\t\t\t<style>\/*! elementor - v3.18.0 - 20-12-2023 *\/\n.elementor-widget-text-editor.elementor-drop-cap-view-stacked .elementor-drop-cap{background-color:#69727d;color:#fff}.elementor-widget-text-editor.elementor-drop-cap-view-framed .elementor-drop-cap{color:#69727d;border:3px solid;background-color:transparent}.elementor-widget-text-editor:not(.elementor-drop-cap-view-default) .elementor-drop-cap{margin-top:8px}.elementor-widget-text-editor:not(.elementor-drop-cap-view-default) .elementor-drop-cap-letter{width:1em;height:1em}.elementor-widget-text-editor .elementor-drop-cap{float:left;text-align:center;line-height:1;font-size:50px}.elementor-widget-text-editor .elementor-drop-cap-letter{display:inline-block}<\/style>\t\t\t\t<p align=\"JUSTIFY\">l&#8217;ITII Bourgogne, situ\u00e9 au sein du P\u00f4le Formation\u00a058-89, est n\u00e9 en 1990 d&#8217;un accord de partenariat entre les\u00a0chambres syndicales de la m\u00e9tallurgie\u00a0des quatre d\u00e9partements de Bourgogne et l&#8217;Universit\u00e9 de Bourgogne.<\/p><p align=\"JUSTIFY\">Sur le m\u00eame\u00a0campus\u00a0sont disponibles des formations de\u00a0Licences professionnelles et de Bachelor, \u00e9galement par alternance.<\/p>\t\t\t\t\t\t<\/div>\n\t\t\t\t<\/div>\n\t\t\t\t\t<\/div>\n\t\t<\/div>\n\t\t\t\t\t\t\t<\/div>\n\t\t<\/section>\n\t\t\t\t\t<\/div>\n\t\t<\/div>\n\t\t\t\t\t\t\t<\/div>\n\t\t<\/section>\n\t\t<div class=\"elementor-element elementor-element-f5d63e9 e-flex e-con-boxed e-con e-parent\" data-id=\"f5d63e9\" data-element_type=\"container\" data-settings=\"{&quot;container_type&quot;:&quot;flex&quot;,&quot;content_width&quot;:&quot;boxed&quot;}\" data-core-v316-plus=\"true\">\n\t\t\t\t\t<div class=\"e-con-inner\">\n\t\t\t\t<div class=\"elementor-element elementor-element-97613f6 elementor-widget elementor-widget-spacer\" data-id=\"97613f6\" data-element_type=\"widget\" data-widget_type=\"spacer.default\">\n\t\t\t\t<div class=\"elementor-widget-container\">\n\t\t\t<style>\/*! elementor - v3.18.0 - 20-12-2023 *\/\n.elementor-column .elementor-spacer-inner{height:var(--spacer-size)}.e-con{--container-widget-width:100%}.e-con-inner>.elementor-widget-spacer,.e-con>.elementor-widget-spacer{width:var(--container-widget-width,var(--spacer-size));--align-self:var(--container-widget-align-self,initial);--flex-shrink:0}.e-con-inner>.elementor-widget-spacer>.elementor-widget-container,.e-con>.elementor-widget-spacer>.elementor-widget-container{height:100%;width:100%}.e-con-inner>.elementor-widget-spacer>.elementor-widget-container>.elementor-spacer,.e-con>.elementor-widget-spacer>.elementor-widget-container>.elementor-spacer{height:100%}.e-con-inner>.elementor-widget-spacer>.elementor-widget-container>.elementor-spacer>.elementor-spacer-inner,.e-con>.elementor-widget-spacer>.elementor-widget-container>.elementor-spacer>.elementor-spacer-inner{height:var(--container-widget-height,var(--spacer-size))}.e-con-inner>.elementor-widget-spacer.elementor-widget-empty,.e-con>.elementor-widget-spacer.elementor-widget-empty{position:relative;min-height:22px;min-width:22px}.e-con-inner>.elementor-widget-spacer.elementor-widget-empty .elementor-widget-empty-icon,.e-con>.elementor-widget-spacer.elementor-widget-empty .elementor-widget-empty-icon{position:absolute;top:0;bottom:0;left:0;right:0;margin:auto;padding:0;width:22px;height:22px}<\/style>\t\t<div class=\"elementor-spacer\">\n\t\t\t<div class=\"elementor-spacer-inner\"><\/div>\n\t\t<\/div>\n\t\t\t\t<\/div>\n\t\t\t\t<\/div>\n\t\t\t\t<div class=\"elementor-element elementor-element-fba479c elementor-invisible elementor-widget elementor-widget-rsteam-slider\" data-id=\"fba479c\" data-element_type=\"widget\" data-settings=\"{&quot;_animation&quot;:&quot;fadeInDown&quot;}\" data-widget_type=\"rsteam-slider.default\">\n\t\t\t\t<div class=\"elementor-widget-container\">\n\t\t\t\t \r\n        <div class=\"team-slider-main-wrapper\">\r\n                        <div class=\"swiper rt-addon-slider rt_team-7776 rts-team team-slider-style5\">\r\n            \r\n\r\n                <div class=\"swiper-wrapper rt-addon-slider gray_\">\r\n            \r\n\r\n                    \r\n\t\t<div class=\"team-item swiper-slide\">\r\n\t\t\t<div class=\"rts-team-one-start\">\r\n\t\t\t\t<div class=\"wrapper\">\r\n\t\t\t\t\t\t\t\t\t\t<div class=\"inner\">\r\n\t\t\t\t\t\t\t\t\t\t\t\t\t<a href=\"https:\/\/wp.itiibourgogne.fr\/index.php\/teams\/mark-smith\/\" class=\"name\">\r\n\t\t\t\t\t\t\t\t<h5 class=\"title\">Claude VAUCOULOUX<\/h5>\r\n\t\t\t\t\t\t\t<\/a>\r\n\t\t\t\t\t\t\t\t\t\t\t\t\t\t\t\t\t\t\t<span class=\"desig\">Directeur de l&#039;ITII BOURGOGNE<\/span>\r\n\t\t\t\t\t\t\r\n\t\t\t\t\t\t \r\n\t\t\t\t\t\t\t<div class=\"info-wrapper\">\r\n\t\t\t\t\t\t\t\t<div class=\"single\">\r\n\t\t\t\t\t\t\t\t\t<div class=\"sing-warp\">\r\n\t\t\t\t\t\t\t\t\t\t<i class=\"rt-phone-volume\"><\/i>\r\n\t\t\t\t\t\t\t\t\t\t<a href=\"https:\/\/wp.itiibourgogne.fr\/index.php\/teams\/mark-smith\/\">03 86 49 26 18<\/a>\r\n\t\t\t\t\t\t\t\t\t<\/div>\r\n\t\t\t\t\t\t\t\t<\/div>\r\n\t\t\t\t\t\t\t\t<!-- single info -->\r\n\t\t\t\t\t\t\t\t<div class=\"single\">\r\n\t\t\t\t\t\t\t\t\t<div class=\"sing-warp\">\r\n\t\t\t\t\t\t\t\t\t\t<i class=\"rt-envelope\"><\/i>\r\n\t\t\t\t\t\t\t\t\t\t<a href=\"https:\/\/wp.itiibourgogne.fr\/index.php\/teams\/mark-smith\/\">contact@itiibourgogne.com<\/a>\r\n\t\t\t\t\t\t\t\t\t<\/div>\r\n\t\t\t\t\t\t\t\t<\/div>\r\n\t\t\t\t\t\t\t<\/div>\r\n\t\t\t\t\t\t\t\t\t\t\t<\/div>\r\n\t\t\t\t<\/div>\r\n\t\t\t<\/div>\r\n\t  \t<\/div>\r\n\t\t\t\t<div class=\"team-item swiper-slide\">\r\n\t\t\t<div class=\"rts-team-one-start\">\r\n\t\t\t\t<div class=\"wrapper\">\r\n\t\t\t\t\t\t\t\t\t\t<div class=\"inner\">\r\n\t\t\t\t\t\t\t\t\t\t\t\t\t<a href=\"https:\/\/wp.itiibourgogne.fr\/index.php\/teams\/justice-smith\/\" class=\"name\">\r\n\t\t\t\t\t\t\t\t<h5 class=\"title\">S\u00e9bastien GUILBERT<\/h5>\r\n\t\t\t\t\t\t\t<\/a>\r\n\t\t\t\t\t\t\t\t\t\t\t\t\t\t\t\t\t\t\t<span class=\"desig\">Responsable<\/span>\r\n\t\t\t\t\t\t\r\n\t\t\t\t\t\t \r\n\t\t\t\t\t\t\t<div class=\"info-wrapper\">\r\n\t\t\t\t\t\t\t\t<div class=\"single\">\r\n\t\t\t\t\t\t\t\t\t<div class=\"sing-warp\">\r\n\t\t\t\t\t\t\t\t\t\t<i class=\"rt-phone-volume\"><\/i>\r\n\t\t\t\t\t\t\t\t\t\t<a href=\"https:\/\/wp.itiibourgogne.fr\/index.php\/teams\/justice-smith\/\">06 31 39 85 36<\/a>\r\n\t\t\t\t\t\t\t\t\t<\/div>\r\n\t\t\t\t\t\t\t\t<\/div>\r\n\t\t\t\t\t\t\t\t<!-- single info -->\r\n\t\t\t\t\t\t\t\t<div class=\"single\">\r\n\t\t\t\t\t\t\t\t\t<div class=\"sing-warp\">\r\n\t\t\t\t\t\t\t\t\t\t<i class=\"rt-envelope\"><\/i>\r\n\t\t\t\t\t\t\t\t\t\t<a href=\"https:\/\/wp.itiibourgogne.fr\/index.php\/teams\/justice-smith\/\">s.guilbert@pole-formation.net<\/a>\r\n\t\t\t\t\t\t\t\t\t<\/div>\r\n\t\t\t\t\t\t\t\t<\/div>\r\n\t\t\t\t\t\t\t<\/div>\r\n\t\t\t\t\t\t\t\t\t\t\t<\/div>\r\n\t\t\t\t<\/div>\r\n\t\t\t<\/div>\r\n\t  \t<\/div>\r\n\t\t\t\t<div class=\"team-item swiper-slide\">\r\n\t\t\t<div class=\"rts-team-one-start\">\r\n\t\t\t\t<div class=\"wrapper\">\r\n\t\t\t\t\t\t\t\t\t\t<div class=\"inner\">\r\n\t\t\t\t\t\t\t\t\t\t\t\t\t<a href=\"https:\/\/wp.itiibourgogne.fr\/index.php\/teams\/daniel-smith\/\" class=\"name\">\r\n\t\t\t\t\t\t\t\t<h5 class=\"title\">Olivier SEVRIN<\/h5>\r\n\t\t\t\t\t\t\t<\/a>\r\n\t\t\t\t\t\t\t\t\t\t\t\t\t\t\t\t\t\t\t<span class=\"desig\">Responsable p\u00e9dagogique<\/span>\r\n\t\t\t\t\t\t\r\n\t\t\t\t\t\t \r\n\t\t\t\t\t\t\t<div class=\"info-wrapper\">\r\n\t\t\t\t\t\t\t\t<div class=\"single\">\r\n\t\t\t\t\t\t\t\t\t<div class=\"sing-warp\">\r\n\t\t\t\t\t\t\t\t\t\t<i class=\"rt-phone-volume\"><\/i>\r\n\t\t\t\t\t\t\t\t\t\t<a href=\"https:\/\/wp.itiibourgogne.fr\/index.php\/teams\/daniel-smith\/\">06 85 01 49 35<\/a>\r\n\t\t\t\t\t\t\t\t\t<\/div>\r\n\t\t\t\t\t\t\t\t<\/div>\r\n\t\t\t\t\t\t\t\t<!-- single info -->\r\n\t\t\t\t\t\t\t\t<div class=\"single\">\r\n\t\t\t\t\t\t\t\t\t<div class=\"sing-warp\">\r\n\t\t\t\t\t\t\t\t\t\t<i class=\"rt-envelope\"><\/i>\r\n\t\t\t\t\t\t\t\t\t\t<a href=\"https:\/\/wp.itiibourgogne.fr\/index.php\/teams\/daniel-smith\/\">o.sevrin@pole-formation.net<\/a>\r\n\t\t\t\t\t\t\t\t\t<\/div>\r\n\t\t\t\t\t\t\t\t<\/div>\r\n\t\t\t\t\t\t\t<\/div>\r\n\t\t\t\t\t\t\t\t\t\t\t<\/div>\r\n\t\t\t\t<\/div>\r\n\t\t\t<\/div>\r\n\t  \t<\/div>\r\n\t\t\t\t<div class=\"team-item swiper-slide\">\r\n\t\t\t<div class=\"rts-team-one-start\">\r\n\t\t\t\t<div class=\"wrapper\">\r\n\t\t\t\t\t\t\t\t\t\t<div class=\"inner\">\r\n\t\t\t\t\t\t\t\t\t\t\t\t\t<a href=\"https:\/\/wp.itiibourgogne.fr\/index.php\/teams\/michel-jack\/\" class=\"name\">\r\n\t\t\t\t\t\t\t\t<h5 class=\"title\">Andr\u00e9 BEX<\/h5>\r\n\t\t\t\t\t\t\t<\/a>\r\n\t\t\t\t\t\t\t\t\t\t\t\t\t\t\t\t\t\t\t<span class=\"desig\">Pr\u00e9sident<\/span>\r\n\t\t\t\t\t\t\r\n\t\t\t\t\t\t \r\n\t\t\t\t\t\t\t<div class=\"info-wrapper\">\r\n\t\t\t\t\t\t\t\t<div class=\"single\">\r\n\t\t\t\t\t\t\t\t\t<div class=\"sing-warp\">\r\n\t\t\t\t\t\t\t\t\t\t<i class=\"rt-phone-volume\"><\/i>\r\n\t\t\t\t\t\t\t\t\t\t<a href=\"https:\/\/wp.itiibourgogne.fr\/index.php\/teams\/michel-jack\/\">03 86 49 26 18<\/a>\r\n\t\t\t\t\t\t\t\t\t<\/div>\r\n\t\t\t\t\t\t\t\t<\/div>\r\n\t\t\t\t\t\t\t\t<!-- single info -->\r\n\t\t\t\t\t\t\t\t<div class=\"single\">\r\n\t\t\t\t\t\t\t\t\t<div class=\"sing-warp\">\r\n\t\t\t\t\t\t\t\t\t\t<i class=\"rt-envelope\"><\/i>\r\n\t\t\t\t\t\t\t\t\t\t<a href=\"https:\/\/wp.itiibourgogne.fr\/index.php\/teams\/michel-jack\/\">contact@itiibourgogne.com<\/a>\r\n\t\t\t\t\t\t\t\t\t<\/div>\r\n\t\t\t\t\t\t\t\t<\/div>\r\n\t\t\t\t\t\t\t<\/div>\r\n\t\t\t\t\t\t\t\t\t\t\t<\/div>\r\n\t\t\t\t<\/div>\r\n\t\t\t<\/div>\r\n\t  \t<\/div>\r\n\t\t\t\t<div class=\"team-item swiper-slide\">\r\n\t\t\t<div class=\"rts-team-one-start\">\r\n\t\t\t\t<div class=\"wrapper\">\r\n\t\t\t\t\t\t\t\t\t\t<div class=\"inner\">\r\n\t\t\t\t\t\t\t\t\t\t\t\t\t<a href=\"https:\/\/wp.itiibourgogne.fr\/index.php\/teams\/mark-ronaldo\/\" class=\"name\">\r\n\t\t\t\t\t\t\t\t<h5 class=\"title\">Amine JEBBOR-THIERY<\/h5>\r\n\t\t\t\t\t\t\t<\/a>\r\n\t\t\t\t\t\t\t\t\t\t\t\t\t\t\t\t\t\t\t<span class=\"desig\">Responsable p\u00e9dagogique<\/span>\r\n\t\t\t\t\t\t\r\n\t\t\t\t\t\t \r\n\t\t\t\t\t\t\t<div class=\"info-wrapper\">\r\n\t\t\t\t\t\t\t\t<div class=\"single\">\r\n\t\t\t\t\t\t\t\t\t<div class=\"sing-warp\">\r\n\t\t\t\t\t\t\t\t\t\t<i class=\"rt-phone-volume\"><\/i>\r\n\t\t\t\t\t\t\t\t\t\t<a href=\"https:\/\/wp.itiibourgogne.fr\/index.php\/teams\/mark-ronaldo\/\">03 86 49 26 46<\/a>\r\n\t\t\t\t\t\t\t\t\t<\/div>\r\n\t\t\t\t\t\t\t\t<\/div>\r\n\t\t\t\t\t\t\t\t<!-- single info -->\r\n\t\t\t\t\t\t\t\t<div class=\"single\">\r\n\t\t\t\t\t\t\t\t\t<div class=\"sing-warp\">\r\n\t\t\t\t\t\t\t\t\t\t<i class=\"rt-envelope\"><\/i>\r\n\t\t\t\t\t\t\t\t\t\t<a href=\"https:\/\/wp.itiibourgogne.fr\/index.php\/teams\/mark-ronaldo\/\">a.jebbor-thiery@pole-formation.net<\/a>\r\n\t\t\t\t\t\t\t\t\t<\/div>\r\n\t\t\t\t\t\t\t\t<\/div>\r\n\t\t\t\t\t\t\t<\/div>\r\n\t\t\t\t\t\t\t\t\t\t\t<\/div>\r\n\t\t\t\t<\/div>\r\n\t\t\t<\/div>\r\n\t  \t<\/div>\r\n\t\t\t\t<div class=\"team-item swiper-slide\">\r\n\t\t\t<div class=\"rts-team-one-start\">\r\n\t\t\t\t<div class=\"wrapper\">\r\n\t\t\t\t\t\t\t\t\t\t<div class=\"inner\">\r\n\t\t\t\t\t\t\t\t\t\t\t\t\t<a href=\"https:\/\/wp.itiibourgogne.fr\/index.php\/teams\/jone-sinha\/\" class=\"name\">\r\n\t\t\t\t\t\t\t\t<h5 class=\"title\">\u00c9milie BUTIN<\/h5>\r\n\t\t\t\t\t\t\t<\/a>\r\n\t\t\t\t\t\t\t\t\t\t\t\t\t\t\t\t\t\t\t<span class=\"desig\">Charg\u00e9e de D\u00e9veloppement<\/span>\r\n\t\t\t\t\t\t\r\n\t\t\t\t\t\t \r\n\t\t\t\t\t\t\t<div class=\"info-wrapper\">\r\n\t\t\t\t\t\t\t\t<div class=\"single\">\r\n\t\t\t\t\t\t\t\t\t<div class=\"sing-warp\">\r\n\t\t\t\t\t\t\t\t\t\t<i class=\"rt-phone-volume\"><\/i>\r\n\t\t\t\t\t\t\t\t\t\t<a href=\"https:\/\/wp.itiibourgogne.fr\/index.php\/teams\/jone-sinha\/\">03 86 49 26 18<\/a>\r\n\t\t\t\t\t\t\t\t\t<\/div>\r\n\t\t\t\t\t\t\t\t<\/div>\r\n\t\t\t\t\t\t\t\t<!-- single info -->\r\n\t\t\t\t\t\t\t\t<div class=\"single\">\r\n\t\t\t\t\t\t\t\t\t<div class=\"sing-warp\">\r\n\t\t\t\t\t\t\t\t\t\t<i class=\"rt-envelope\"><\/i>\r\n\t\t\t\t\t\t\t\t\t\t<a href=\"https:\/\/wp.itiibourgogne.fr\/index.php\/teams\/jone-sinha\/\">e.butin@pole-formation.net<\/a>\r\n\t\t\t\t\t\t\t\t\t<\/div>\r\n\t\t\t\t\t\t\t\t<\/div>\r\n\t\t\t\t\t\t\t<\/div>\r\n\t\t\t\t\t\t\t\t\t\t\t<\/div>\r\n\t\t\t\t<\/div>\r\n\t\t\t<\/div>\r\n\t  \t<\/div>\r\n\t\t  \r\n                <\/div>\t\r\n\r\n            <\/div>\r\n                                 <div class=\"swiper-pagination\"><\/div>\r\n                        <\/div>\r\n\t<script type=\"text\/javascript\"> \r\n            jQuery(document).ready(function(){\r\n                    \r\n                var swiper = new Swiper(\".rt_team-7776\", {\t\t\t\t\r\n                    slidesPerView: 5,\r\n                    speed: 1000,\r\n                  \r\n                    loop: false,\r\n                   autoplay: false,\r\n                   spaceBetween:  15,\r\n                   pagination: {\r\n                       el: \".swiper-pagination\",\r\n                       clickable: true,\r\n                    },\r\n                    centeredSlides: false,\r\n                    navigation: {\r\n                        nextEl: \".testimonial-cat-next\",\r\n                        prevEl: \".testimonial-cat-prev\",\r\n                    },\r\n                    breakpoints: {\r\n                        0: { slidesPerView: 1},\r\n                        575: { slidesPerView: 1 },767: { slidesPerView: 2 },991: { slidesPerView: 3 },1199: { slidesPerView: 3 },                        1399: {\r\n                            slidesPerView: 5,\r\n                            spaceBetween:  15                        }\r\n                    }\r\n                });\r\n           \r\n        });\r\n        <\/script>\r\n\r\n\t\t\t<\/div>\n\t\t\t\t<\/div>\n\t\t\t\t\t<\/div>\n\t\t\t\t<\/div>\n\t\t\t\t\t\t\t<\/div>\n\t\t","protected":false},"excerpt":{"rendered":"<p>ITII BOURGOGNE Pr\u00e9sentation g\u00e9n\u00e9rale Premi\u00e8re formation cr\u00e9\u00e9e pour former des ing\u00e9nieurs par la voie de l&#8217;apprentissage et de la formation continue l&#8217;ITII Bourgogne, situ\u00e9 au sein du P\u00f4le Formation\u00a058-89, est n\u00e9 en 1990 d&#8217;un accord de partenariat entre les\u00a0chambres syndicales de la m\u00e9tallurgie\u00a0des quatre d\u00e9partements de Bourgogne et l&#8217;Universit\u00e9 de Bourgogne. Sur le m\u00eame\u00a0campus\u00a0sont disponibles&#8230;<\/p>\n","protected":false},"author":1,"featured_media":0,"parent":0,"menu_order":0,"comment_status":"closed","ping_status":"closed","template":"page-single.php","meta":{"_monsterinsights_skip_tracking":false,"_monsterinsights_sitenote_active":false,"_monsterinsights_sitenote_note":"","_monsterinsights_sitenote_category":0,"footnotes":""},"class_list":["post-10003","page","type-page","status-publish","hentry"],"aioseo_notices":[],"_links":{"self":[{"href":"https:\/\/wp.itiibourgogne.fr\/index.php\/wp-json\/wp\/v2\/pages\/10003","targetHints":{"allow":["GET"]}}],"collection":[{"href":"https:\/\/wp.itiibourgogne.fr\/index.php\/wp-json\/wp\/v2\/pages"}],"about":[{"href":"https:\/\/wp.itiibourgogne.fr\/index.php\/wp-json\/wp\/v2\/types\/page"}],"author":[{"embeddable":true,"href":"https:\/\/wp.itiibourgogne.fr\/index.php\/wp-json\/wp\/v2\/users\/1"}],"replies":[{"embeddable":true,"href":"https:\/\/wp.itiibourgogne.fr\/index.php\/wp-json\/wp\/v2\/comments?post=10003"}],"version-history":[{"count":15,"href":"https:\/\/wp.itiibourgogne.fr\/index.php\/wp-json\/wp\/v2\/pages\/10003\/revisions"}],"predecessor-version":[{"id":11135,"href":"https:\/\/wp.itiibourgogne.fr\/index.php\/wp-json\/wp\/v2\/pages\/10003\/revisions\/11135"}],"wp:attachment":[{"href":"https:\/\/wp.itiibourgogne.fr\/index.php\/wp-json\/wp\/v2\/media?parent=10003"}],"curies":[{"name":"wp","href":"https:\/\/api.w.org\/{rel}","templated":true}]}}