{"id":2101,"date":"2023-03-19T09:21:12","date_gmt":"2023-03-19T09:21:12","guid":{"rendered":"http:\/\/192.168.0.235\/elevate\/?page_id=2101"},"modified":"2024-05-30T11:24:54","modified_gmt":"2024-05-30T09:24:54","slug":"diplomes-ingenieurs","status":"publish","type":"page","link":"https:\/\/wp.itiibourgogne.fr\/index.php\/diplomes-ingenieurs\/","title":{"rendered":"Dipl\u00f4mes de l&#8217;Ing\u00e9nieur"},"content":{"rendered":"\t\t<div data-elementor-type=\"wp-page\" data-elementor-id=\"2101\" class=\"elementor elementor-2101\">\n\t\t\t\t\t\t\t\t\t<section class=\"elementor-section elementor-top-section elementor-element elementor-element-35b5271 elementor-section-boxed elementor-section-height-default elementor-section-height-default\" data-id=\"35b5271\" data-element_type=\"section\">\n\t\t\t\t\t\t<div class=\"elementor-container elementor-column-gap-default\">\n\t\t\t\t\t<div class=\"elementor-column elementor-col-50 elementor-top-column elementor-element elementor-element-81ec78a\" data-id=\"81ec78a\" data-element_type=\"column\">\n\t\t\t<div class=\"elementor-widget-wrap elementor-element-populated\">\n\t\t\t\t\t\t\t\t<div class=\"elementor-element elementor-element-11d3b10 elementor-widget elementor-widget-image\" data-id=\"11d3b10\" data-element_type=\"widget\" data-widget_type=\"image.default\">\n\t\t\t\t<div class=\"elementor-widget-container\">\n\t\t\t<style>\/*! elementor - v3.18.0 - 20-12-2023 *\/\n.elementor-widget-image{text-align:center}.elementor-widget-image a{display:inline-block}.elementor-widget-image a img[src$=\".svg\"]{width:48px}.elementor-widget-image img{vertical-align:middle;display:inline-block}<\/style>\t\t\t\t\t\t\t\t\t\t\t\t<img fetchpriority=\"high\" decoding=\"async\" width=\"600\" height=\"700\" src=\"https:\/\/wp.itiibourgogne.fr\/wp-content\/uploads\/2024\/03\/female-cad-engineer-manufacturing-industrial-product-woring-with-technical-software-create-engine-turbine-gears-industry-production-freelancer-using-engineering-setup-Grande-600x700.jpeg\" class=\"attachment-elevate-portfolio-grid size-elevate-portfolio-grid wp-image-10768\" alt=\"\" \/>\t\t\t\t\t\t\t\t\t\t\t\t\t\t\t<\/div>\n\t\t\t\t<\/div>\n\t\t\t\t<div class=\"elementor-element elementor-element-4461301 elementor-absolute elementor-widget elementor-widget-rt-react-image\" data-id=\"4461301\" data-element_type=\"widget\" data-settings=\"{&quot;_position&quot;:&quot;absolute&quot;}\" data-widget_type=\"rt-react-image.default\">\n\t\t\t\t<div class=\"elementor-widget-container\">\n\t\t\t                        <div class=\"react-image yes\">\n                                            <img decoding=\"async\" class=\"react-multi-image veritcal image-rotate image-scale\" src=\"https:\/\/wp.itiibourgogne.fr\/wp-content\/uploads\/2023\/03\/travailleurs-uniformes-casques-protection-jaunes-travaillant-usine-Grande.jpeg\" alt=\"image\"\/>\n                                    <\/div>\n                    \n               \n    \t\t<\/div>\n\t\t\t\t<\/div>\n\t\t\t\t\t<\/div>\n\t\t<\/div>\n\t\t\t\t<div class=\"elementor-column elementor-col-50 elementor-top-column elementor-element elementor-element-d20b516\" data-id=\"d20b516\" data-element_type=\"column\">\n\t\t\t<div class=\"elementor-widget-wrap elementor-element-populated\">\n\t\t\t\t\t\t\t\t<div class=\"elementor-element elementor-element-f71a3bb elementor-widget elementor-widget-react-heading\" data-id=\"f71a3bb\" data-element_type=\"widget\" data-widget_type=\"react-heading.default\">\n\t\t\t\t<div class=\"elementor-widget-container\">\n\t\t\t\t  \r\n        <div class=\"react-heading default  title-border-no\">\r\n        \t<div class=\"title-inner no\">        \t\t      \t\t\r\n\t            <span class=\"sub-text\" data-aos-delay=\"200\" data-aos=\"fade-up\" data-aos-duration=\"800\" data-aos-once=\"true\">ITII BOURGOGNE<\/span><h2 class=\"title\" data-aos-delay=\"300\" data-aos=\"fade-up\" data-aos-duration=\"800\" data-aos-once=\"true\">Les dipl\u00f4mes d'ing\u00e9nieur : 2 fili\u00e8res, 3 voie d'acc\u00e8s<\/h2>\t        <\/div>\r\n\t\t\t\t        \r\n\t            \r\n        <\/div>\r\n        \t\t<\/div>\n\t\t\t\t<\/div>\n\t\t\t\t<div class=\"elementor-element elementor-element-0296f2a elementor-widget elementor-widget-text-editor\" data-id=\"0296f2a\" data-element_type=\"widget\" data-widget_type=\"text-editor.default\">\n\t\t\t\t<div class=\"elementor-widget-container\">\n\t\t\t<style>\/*! elementor - v3.18.0 - 20-12-2023 *\/\n.elementor-widget-text-editor.elementor-drop-cap-view-stacked .elementor-drop-cap{background-color:#69727d;color:#fff}.elementor-widget-text-editor.elementor-drop-cap-view-framed .elementor-drop-cap{color:#69727d;border:3px solid;background-color:transparent}.elementor-widget-text-editor:not(.elementor-drop-cap-view-default) .elementor-drop-cap{margin-top:8px}.elementor-widget-text-editor:not(.elementor-drop-cap-view-default) .elementor-drop-cap-letter{width:1em;height:1em}.elementor-widget-text-editor .elementor-drop-cap{float:left;text-align:center;line-height:1;font-size:50px}.elementor-widget-text-editor .elementor-drop-cap-letter{display:inline-block}<\/style>\t\t\t\t<p>Ces deux dipl\u00f4mes d&#8217;ing\u00e9nieur sont habilit\u00e9s par la CTI (Commission des Titres d&#8217;Ing\u00e9nieur), reconnus BAC+5, niveau 7, grade Master au niveau Europ\u00e9en.<\/p><p>La fili\u00e8re d&#8217;ing\u00e9nieur en G\u00e9nie Industriel est accessible par la voie :<br \/>1 &#8211; de l&#8217;apprentissage (3 ann\u00e9es de formation)<br \/>2 &#8211; de la formation continue (2 ann\u00e9es de formation)<br \/>3 &#8211; de la VAE (Validation des Acquis de l&#8217;Exp\u00e9rience)<\/p><p>Le dipl\u00f4me est d\u00e9livr\u00e9 par l&#8217;ISAT (Institut Sup\u00e9rieur de l&#8217;Automobile et des Transports) et habilit\u00e9 par la CTI.<\/p><p>Ces formations sont ouvertes aux titulaires d&#8217;un dipl\u00f4me de niveau BAC+2 (minimum requis) \u00e0 orientation technique ou technologique<\/p>\t\t\t\t\t\t<\/div>\n\t\t\t\t<\/div>\n\t\t\t\t<section class=\"elementor-section elementor-inner-section elementor-element elementor-element-ca1de69 elementor-section-boxed elementor-section-height-default elementor-section-height-default\" data-id=\"ca1de69\" data-element_type=\"section\">\n\t\t\t\t\t\t<div class=\"elementor-container elementor-column-gap-default\">\n\t\t\t\t\t<div class=\"elementor-column elementor-col-50 elementor-inner-column elementor-element elementor-element-0e55cf6\" data-id=\"0e55cf6\" data-element_type=\"column\">\n\t\t\t<div class=\"elementor-widget-wrap elementor-element-populated\">\n\t\t\t\t\t\t\t\t<div class=\"elementor-element elementor-element-84d0c61 elementor-icon-list--layout-traditional elementor-list-item-link-full_width elementor-widget elementor-widget-icon-list\" data-id=\"84d0c61\" data-element_type=\"widget\" data-widget_type=\"icon-list.default\">\n\t\t\t\t<div class=\"elementor-widget-container\">\n\t\t\t<link rel=\"stylesheet\" href=\"https:\/\/wp.itiibourgogne.fr\/wp-content\/plugins\/elementor\/assets\/css\/widget-icon-list.min.css\">\t\t<ul class=\"elementor-icon-list-items\">\n\t\t\t\t\t\t\t<li class=\"elementor-icon-list-item\">\n\t\t\t\t\t\t\t\t\t\t\t<a href=\"https:\/\/wp.itiibourgogne.fr\/wp-content\/uploads\/2024\/03\/Liste-BAC2-GI-2024.pdf\">\n\n\t\t\t\t\t\t\t\t\t\t\t\t<span class=\"elementor-icon-list-icon\">\n\t\t\t\t\t\t\t<svg aria-hidden=\"true\" class=\"e-font-icon-svg e-far-check-circle\" viewBox=\"0 0 512 512\" xmlns=\"http:\/\/www.w3.org\/2000\/svg\"><path d=\"M256 8C119.033 8 8 119.033 8 256s111.033 248 248 248 248-111.033 248-248S392.967 8 256 8zm0 48c110.532 0 200 89.451 200 200 0 110.532-89.451 200-200 200-110.532 0-200-89.451-200-200 0-110.532 89.451-200 200-200m140.204 130.267l-22.536-22.718c-4.667-4.705-12.265-4.736-16.97-.068L215.346 303.697l-59.792-60.277c-4.667-4.705-12.265-4.736-16.97-.069l-22.719 22.536c-4.705 4.667-4.736 12.265-.068 16.971l90.781 91.516c4.667 4.705 12.265 4.736 16.97.068l172.589-171.204c4.704-4.668 4.734-12.266.067-16.971z\"><\/path><\/svg>\t\t\t\t\t\t<\/span>\n\t\t\t\t\t\t\t\t\t\t<span class=\"elementor-icon-list-text\">Dipl\u00f4mes \u00e9ligibles pour la fili\u00e8re G\u00e9nie Industriel<\/span>\n\t\t\t\t\t\t\t\t\t\t\t<\/a>\n\t\t\t\t\t\t\t\t\t<\/li>\n\t\t\t\t\t\t\t\t<li class=\"elementor-icon-list-item\">\n\t\t\t\t\t\t\t\t\t\t\t<a href=\"https:\/\/wp.itiibourgogne.fr\/wp-content\/uploads\/2024\/03\/Liste-BAC2-GM-2024.pdf\">\n\n\t\t\t\t\t\t\t\t\t\t\t\t<span class=\"elementor-icon-list-icon\">\n\t\t\t\t\t\t\t<svg aria-hidden=\"true\" class=\"e-font-icon-svg e-far-check-circle\" viewBox=\"0 0 512 512\" xmlns=\"http:\/\/www.w3.org\/2000\/svg\"><path d=\"M256 8C119.033 8 8 119.033 8 256s111.033 248 248 248 248-111.033 248-248S392.967 8 256 8zm0 48c110.532 0 200 89.451 200 200 0 110.532-89.451 200-200 200-110.532 0-200-89.451-200-200 0-110.532 89.451-200 200-200m140.204 130.267l-22.536-22.718c-4.667-4.705-12.265-4.736-16.97-.068L215.346 303.697l-59.792-60.277c-4.667-4.705-12.265-4.736-16.97-.069l-22.719 22.536c-4.705 4.667-4.736 12.265-.068 16.971l90.781 91.516c4.667 4.705 12.265 4.736 16.97.068l172.589-171.204c4.704-4.668 4.734-12.266.067-16.971z\"><\/path><\/svg>\t\t\t\t\t\t<\/span>\n\t\t\t\t\t\t\t\t\t\t<span class=\"elementor-icon-list-text\">Dipl\u00f4mes \u00e9ligibles pour la fili\u00e8re G\u00e9nie M\u00e9canique<\/span>\n\t\t\t\t\t\t\t\t\t\t\t<\/a>\n\t\t\t\t\t\t\t\t\t<\/li>\n\t\t\t\t\t\t<\/ul>\n\t\t\t\t<\/div>\n\t\t\t\t<\/div>\n\t\t\t\t\t<\/div>\n\t\t<\/div>\n\t\t\t\t<div class=\"elementor-column elementor-col-50 elementor-inner-column elementor-element elementor-element-d73a659\" data-id=\"d73a659\" data-element_type=\"column\">\n\t\t\t<div class=\"elementor-widget-wrap\">\n\t\t\t\t\t\t\t\t\t<\/div>\n\t\t<\/div>\n\t\t\t\t\t\t\t<\/div>\n\t\t<\/section>\n\t\t\t\t<div class=\"elementor-element elementor-element-2910117 elementor-widget__width-initial elementor-widget elementor-widget-react-heading\" data-id=\"2910117\" data-element_type=\"widget\" data-widget_type=\"react-heading.default\">\n\t\t\t\t<div class=\"elementor-widget-container\">\n\t\t\t\t  \r\n        <div class=\"react-heading default  title-border-no\">\r\n        \t<div class=\"title-inner no\">        \t\t      \t\t\r\n\t            \t        <\/div>\r\n\t\t\t\t        \r\n\t            \r\n        <\/div>\r\n        \t\t<\/div>\n\t\t\t\t<\/div>\n\t\t\t\t\t<\/div>\n\t\t<\/div>\n\t\t\t\t\t\t\t<\/div>\n\t\t<\/section>\n\t\t\t\t<section class=\"elementor-section elementor-top-section elementor-element elementor-element-65c8d8f elementor-section-boxed elementor-section-height-default elementor-section-height-default\" data-id=\"65c8d8f\" data-element_type=\"section\">\n\t\t\t\t\t\t<div class=\"elementor-container elementor-column-gap-default\">\n\t\t\t\t\t<div class=\"elementor-column elementor-col-50 elementor-top-column elementor-element elementor-element-ef73120\" data-id=\"ef73120\" data-element_type=\"column\">\n\t\t\t<div class=\"elementor-widget-wrap elementor-element-populated\">\n\t\t\t\t\t\t\t\t<div class=\"elementor-element elementor-element-cf28f48 elementor-widget elementor-widget-rt-service-grid\" data-id=\"cf28f48\" data-element_type=\"widget\" data-widget_type=\"rt-service-grid.default\">\n\t\t\t\t<div class=\"elementor-widget-container\">\n\t\t\t<div class=\"react-addon-services services-style3\">\r\n    <div class=\"services-part\">\r\n\t\t<div class=\"service--top\">\r\n\t\t\t\t\t\t\t<div class=\"icon-inner\">\r\n\t\t\t\t\t\t\t\t\t\t\r\n\t\t\t\t\t\t\t\t\t\t\t\t\t\t\t\t\t\t\t<div class=\"services-icon\">\r\n\t\t\t\t\t\t\t\t<img decoding=\"async\" src=\"https:\/\/wp.itiibourgogne.fr\/wp-content\/uploads\/2023\/12\/adolescents-faisant-experiences-robotique-dans-laboratoire-garcon-portant-lunettes-protection-fille-portant-casque-vr-Grande.jpeg\" alt=\"image\"\/>\r\n\t\t\t\t\t\t\t<\/div>\r\n\t\t\t\t\t\t\t\t\t\t\t\r\n\t\t\t\t<\/div>\r\n\t\t\t\t\t    \t\t       \r\n\r\n\t    \t\t\t    \t<div class=\"services-title\">\t\r\n\t\t    \t\t\r\n\t\t    \t\t\t\t\t\t\t    \t\t\t\t\t\t\t    \t\t\t\r\n\t\t    \t\t<h2  class=\"title\"> <a href=\"#\"  >G\u00e9nie m\u00e9canique<\/a><\/h2>\r\n\t\t    \t\t\t\t\t\t    \t\t\r\n\t\t    \t<\/div>\r\n\t    \t\t\r\n\t\t<\/div>\r\n\t    \r\n\t    <div class=\"services--bottom\">\r\n\t    \t\t    \t\t<p class=\"services-txt\">  <p>Formation ouverte aux jeunes de moins de 29 ans<\/p><\/p>\t\r\n\t    \t\t\r\n\t\t    \t<div class=\"services-btn-part\">\r\n\t\t    \t\t\t    \t\t\t\t<a class=\"services-btn icon-after\" href=\"https:\/\/wp.itiibourgogne.fr\/index.php\/genie-mecanique\/\" target=_blank>\r\n\t\t\t\t\t    \t\t\t\t\t<span class=\"btn_text\">\r\n    \t\t\t\t\t\tEn savoir +\t\t\t\t\t\t\t<i class=\"rt-arrow-right ml-1\"><\/i>\r\n\t\t\t\t\t\t<\/span>\r\n\t\t\t\t\t\t\t    \t\t\t\t\r\n\t    \t\t\t<\/a>\t    \t\t    \t\t\r\n\t\t    \t<\/div>\r\n\t    <\/div>\r\n\t\t\r\n\r\n\r\n\t<\/div>\r\n<\/div>\t\t<\/div>\n\t\t\t\t<\/div>\n\t\t\t\t\t<\/div>\n\t\t<\/div>\n\t\t\t\t<div class=\"elementor-column elementor-col-50 elementor-top-column elementor-element elementor-element-da72cbf\" data-id=\"da72cbf\" data-element_type=\"column\">\n\t\t\t<div class=\"elementor-widget-wrap elementor-element-populated\">\n\t\t\t\t\t\t\t\t<div class=\"elementor-element elementor-element-f8ae13d elementor-widget elementor-widget-rt-service-grid\" data-id=\"f8ae13d\" data-element_type=\"widget\" data-widget_type=\"rt-service-grid.default\">\n\t\t\t\t<div class=\"elementor-widget-container\">\n\t\t\t<div class=\"react-addon-services services-style3\">\r\n    <div class=\"services-part\">\r\n\t\t<div class=\"service--top\">\r\n\t\t\t\t\t\t\t<div class=\"icon-inner\">\r\n\t\t\t\t\t\t\t\t\t\t\r\n\t\t\t\t\t\t\t\t\t\t\t\t\t\t\t\t\t\t\t<div class=\"services-icon\">\r\n\t\t\t\t\t\t\t\t<img decoding=\"async\" src=\"https:\/\/wp.itiibourgogne.fr\/wp-content\/uploads\/2023\/12\/ingenieur-utilisant-lunettes-vr-pour-fabriquer-engrenages-technologie-realite-virtuelle-logiciel-cao-ordinateur-turbine-machines-industrielles-ingenierie-technicien-casque-interactif-Grande.jpeg\" alt=\"image\"\/>\r\n\t\t\t\t\t\t\t<\/div>\r\n\t\t\t\t\t\t\t\t\t\t\t\r\n\t\t\t\t<\/div>\r\n\t\t\t\t\t    \t\t       \r\n\r\n\t    \t\t\t    \t<div class=\"services-title\">\t\r\n\t\t    \t\t\r\n\t\t    \t\t\t\t\t\t\t    \t\t\t\t\t\t\t    \t\t\t\r\n\t\t    \t\t<h2  class=\"title\"> <a href=\"#\"  >G\u00e9nie Industriel<\/a><\/h2>\r\n\t\t    \t\t\t\t\t\t    \t\t\r\n\t\t    \t<\/div>\r\n\t    \t\t\r\n\t\t<\/div>\r\n\t    \r\n\t    <div class=\"services--bottom\">\r\n\t    \t\t    \t\t<p class=\"services-txt\">  <p>Formation ouverte aux jeunes de moins de 29 ans<\/p><\/p>\t\r\n\t    \t\t\r\n\t\t    \t<div class=\"services-btn-part\">\r\n\t\t    \t\t\t    \t\t\t\t<a class=\"services-btn icon-after\" href=\"https:\/\/wp.itiibourgogne.fr\/index.php\/genie-industriel\/\" >\r\n\t\t\t\t\t    \t\t\t\t\t<span class=\"btn_text\">\r\n    \t\t\t\t\t\tEn savoir +\t\t\t\t\t\t\t<i class=\"rt-arrow-right ml-1\"><\/i>\r\n\t\t\t\t\t\t<\/span>\r\n\t\t\t\t\t\t\t    \t\t\t\t\r\n\t    \t\t\t<\/a>\t    \t\t    \t\t\r\n\t\t    \t<\/div>\r\n\t    <\/div>\r\n\t\t\r\n\r\n\r\n\t<\/div>\r\n<\/div>\t\t<\/div>\n\t\t\t\t<\/div>\n\t\t\t\t\t<\/div>\n\t\t<\/div>\n\t\t\t\t\t\t\t<\/div>\n\t\t<\/section>\n\t\t\t\t\t\t\t<\/div>\n\t\t","protected":false},"excerpt":{"rendered":"<p>ITII BOURGOGNE Les dipl\u00f4mes d&#8217;ing\u00e9nieur : 2 fili\u00e8res, 3 voie d&#8217;acc\u00e8s Ces deux dipl\u00f4mes d&#8217;ing\u00e9nieur sont habilit\u00e9s par la CTI (Commission des Titres d&#8217;Ing\u00e9nieur), reconnus BAC+5, niveau 7, grade Master au niveau Europ\u00e9en. La fili\u00e8re d&#8217;ing\u00e9nieur en G\u00e9nie Industriel est accessible par la voie :1 &#8211; de l&#8217;apprentissage (3 ann\u00e9es de formation)2 &#8211; de la&#8230;<\/p>\n","protected":false},"author":1,"featured_media":0,"parent":0,"menu_order":0,"comment_status":"closed","ping_status":"closed","template":"","meta":{"_monsterinsights_skip_tracking":false,"_monsterinsights_sitenote_active":false,"_monsterinsights_sitenote_note":"","_monsterinsights_sitenote_category":0,"footnotes":""},"class_list":["post-2101","page","type-page","status-publish","hentry"],"aioseo_notices":[],"_links":{"self":[{"href":"https:\/\/wp.itiibourgogne.fr\/index.php\/wp-json\/wp\/v2\/pages\/2101","targetHints":{"allow":["GET"]}}],"collection":[{"href":"https:\/\/wp.itiibourgogne.fr\/index.php\/wp-json\/wp\/v2\/pages"}],"about":[{"href":"https:\/\/wp.itiibourgogne.fr\/index.php\/wp-json\/wp\/v2\/types\/page"}],"author":[{"embeddable":true,"href":"https:\/\/wp.itiibourgogne.fr\/index.php\/wp-json\/wp\/v2\/users\/1"}],"replies":[{"embeddable":true,"href":"https:\/\/wp.itiibourgogne.fr\/index.php\/wp-json\/wp\/v2\/comments?post=2101"}],"version-history":[{"count":37,"href":"https:\/\/wp.itiibourgogne.fr\/index.php\/wp-json\/wp\/v2\/pages\/2101\/revisions"}],"predecessor-version":[{"id":11187,"href":"https:\/\/wp.itiibourgogne.fr\/index.php\/wp-json\/wp\/v2\/pages\/2101\/revisions\/11187"}],"wp:attachment":[{"href":"https:\/\/wp.itiibourgogne.fr\/index.php\/wp-json\/wp\/v2\/media?parent=2101"}],"curies":[{"name":"wp","href":"https:\/\/api.w.org\/{rel}","templated":true}]}}