{"id":2105,"date":"2023-03-19T09:21:41","date_gmt":"2023-03-19T09:21:41","guid":{"rendered":"http:\/\/192.168.0.235\/elevate\/?page_id=2105"},"modified":"2024-11-20T10:02:54","modified_gmt":"2024-11-20T09:02:54","slug":"campus-auxerre","status":"publish","type":"page","link":"https:\/\/wp.itiibourgogne.fr\/index.php\/campus-auxerre\/","title":{"rendered":"Campus d&#8217;AUXERRE"},"content":{"rendered":"<p>Une ville id\u00e9alement situ\u00e9e<\/p>\n<h2 data-aos-delay=\"300\" data-aos=\"fade-up\" data-aos-duration=\"800\" data-aos-once=\"true\">AUXERRE<\/h2>\n<p>                            <button type=\"button\" data-bs-toggle=\"collapse\" data-bs-target=\"#collapse59211\" aria-expanded=\"true\" aria-controls=\"collapse59211\"><br \/>\n                            Une ville id\u00e9alement situ\u00e9e<br \/>\n                            <\/button><br \/>\n                            Auxerre est le centre d\u2019une agglom\u00e9ration de 68 000 habitants, situ\u00e9e sur l\u2019axe nord\/sud que suivent l\u2019autoroute A6 et la voie ferr\u00e9e. Elle se trouve \u00e0 1h30 de Paris et de Dijon, \u00e0 2h30 de Lyon, 3h de Gen\u00e8ve et 4h de Bruxelles.<br \/>\nVille d&#039;histoire, avec un patrimoine tr\u00e8s riche de 30 \u00e9glises et des archev\u00eaques connus et reconnus au del\u00e0 du cadre de la r\u00e9gion.<br \/>\nVille d&#039;art o\u00f9 l&#039;on ne s&#039;ennuie pas et o\u00f9 chacun peut profiter d&#039;offre compl\u00e8te en arts plastiques, musique, art vivant, th\u00e9\u00e2tre, mus\u00e9es, danse, litt\u00e9rature&#8230;<br \/>\nVille sportive, sans oublier, bien entendu, l\u2019engouement provoqu\u00e9 par l\u2019\u00e9quipe de football : l\u2019AJA.<br \/>\n                            <button type=\"button\" data-bs-toggle=\"collapse\" data-bs-target=\"#collapse59212\" aria-expanded=\"false\" aria-controls=\"collapse59212\"><br \/>\n                            Les logements<br \/>\n                            <\/button><br \/>\n                            L&#039;Association AIDES (Association Icaunaise pour le D\u00e9veloppement de l&#039;Enseignement Sup\u00e9rieur) accompagne les apprentis dans leurs recherches et coordonne l&#039;occupation des logements pendant les p\u00e9riodes d&#039;alternance.<br \/>\nPour la fili\u00e8re G\u00e9nie Industriel \u00e0 Auxerre, des studios sont propos\u00e9s aux apprentis sur le site du P\u00f4le Formation 58-89 o\u00f9 ont lieu la plupart des cours.<br \/>\nLes logements sont meubl\u00e9s et \u00e9quip\u00e9s de sanitaires privatifs (lavabo, douche, WC) : 39 logements de 100 \u00e0 375 euros&#8230;<br \/>\nPour plus de renseignement, vous pouvez contacter Emilie Lopez, Responsable des logements Auxerre par t\u00e9l au 06 30 99 67 15 ou par mail : logement@pole-formation.net<br \/>\n                            <button type=\"button\" data-bs-toggle=\"collapse\" data-bs-target=\"#collapse59213\" aria-expanded=\"false\" aria-controls=\"collapse59213\"><br \/>\n                            Le campus<br \/>\n                            <\/button><br \/>\n                            L\u2019ITII Bourgogne a son si\u00e8ge au sein du P\u00f4le Formation 58-89 qui, au travers de son \u00e9quipe p\u00e9dagogique, pilote les interventions des formateurs du monde professionnel. Il met \u00e0 disposition des apprentis ses infrastructures, ateliers, ilots de formations individualis\u00e9s, sa ligne de production et son personnel d\u2019encadrement des jeunes.<br \/>\nUn de ses r\u00f4les essentiels est la mise en \u0153uvre de l\u2019apprentissage notamment via les actions \u00e0 destination des ma\u00eetres d\u2019apprentissage.                            <\/p>\n<style>\/*! elementor - v3.18.0 - 20-12-2023 *\/\n.elementor-widget-image-carousel .swiper,.elementor-widget-image-carousel .swiper-container{position:static}.elementor-widget-image-carousel .swiper-container .swiper-slide figure,.elementor-widget-image-carousel .swiper .swiper-slide figure{line-height:inherit}.elementor-widget-image-carousel .swiper-slide{text-align:center}.elementor-image-carousel-wrapper:not(.swiper-container-initialized):not(.swiper-initialized) .swiper-slide{max-width:calc(100% \/ var(--e-image-carousel-slides-to-show, 3))}<\/style>\n<figure><img decoding=\"async\" src=\"https:\/\/wp.itiibourgogne.fr\/wp-content\/uploads\/2024\/03\/ITII-VF-38-Grande-600x700.jpeg\" alt=\"ITII-VF -38 Grande\" \/><\/figure>\n<figure><img decoding=\"async\" src=\"https:\/\/wp.itiibourgogne.fr\/wp-content\/uploads\/2024\/03\/ITII-VF-41-Grande-600x700.jpeg\" alt=\"ITII-VF -41 Grande\" \/><\/figure>\n<figure><img decoding=\"async\" src=\"https:\/\/wp.itiibourgogne.fr\/wp-content\/uploads\/2024\/03\/ITII-VF-39-Grande-600x700.jpeg\" alt=\"ITII-VF -39 Grande\" \/><\/figure>\n<figure><img decoding=\"async\" src=\"https:\/\/wp.itiibourgogne.fr\/wp-content\/uploads\/2024\/03\/ITII-VF-40-Grande-600x700.jpeg\" alt=\"ITII-VF -40 Grande\" \/><\/figure>\n<figure><img decoding=\"async\" src=\"https:\/\/wp.itiibourgogne.fr\/wp-content\/uploads\/2024\/03\/Exterieur-1-Grande-600x700.jpeg\" alt=\"Exte\u0301rieur (1) Grande\" \/><\/figure>\n<p>\t\t\t\t\t\t<svg aria-hidden=\"true\" viewBox=\"0 0 1000 1000\" xmlns=\"http:\/\/www.w3.org\/2000\/svg\"><path d=\"M646 125C629 125 613 133 604 142L308 442C296 454 292 471 292 487 292 504 296 521 308 533L604 854C617 867 629 875 646 875 663 875 679 871 692 858 704 846 713 829 713 812 713 796 708 779 692 767L438 487 692 225C700 217 708 204 708 187 708 171 704 154 692 142 675 129 663 125 646 125Z\"><\/path><\/svg><br \/>\n\t\t\t\t\t\t<svg aria-hidden=\"true\" viewBox=\"0 0 1000 1000\" xmlns=\"http:\/\/www.w3.org\/2000\/svg\"><path d=\"M696 533C708 521 713 504 713 487 713 471 708 454 696 446L400 146C388 133 375 125 354 125 338 125 325 129 313 142 300 154 292 171 292 187 292 204 296 221 308 233L563 492 304 771C292 783 288 800 288 817 288 833 296 850 308 863 321 871 338 875 354 875 371 875 388 867 400 854L696 533Z\"><\/path><\/svg><\/p>\n","protected":false},"excerpt":{"rendered":"<p>Une ville id\u00e9alement situ\u00e9e AUXERRE Une ville id\u00e9alement situ\u00e9e Auxerre est le centre d\u2019une agglom\u00e9ration de 68 000 habitants, situ\u00e9e sur l\u2019axe nord\/sud que suivent l\u2019autoroute A6 et la voie ferr\u00e9e. Elle se trouve \u00e0 1h30 de Paris et de Dijon, \u00e0 2h30 de Lyon, 3h de Gen\u00e8ve et 4h de Bruxelles. Ville d&#039;histoire, avec&#8230;<\/p>\n","protected":false},"author":1,"featured_media":0,"parent":0,"menu_order":0,"comment_status":"closed","ping_status":"closed","template":"","meta":{"_monsterinsights_skip_tracking":false,"_monsterinsights_sitenote_active":false,"_monsterinsights_sitenote_note":"","_monsterinsights_sitenote_category":0,"footnotes":""},"class_list":["post-2105","page","type-page","status-publish","hentry"],"aioseo_notices":[],"_links":{"self":[{"href":"https:\/\/wp.itiibourgogne.fr\/index.php\/wp-json\/wp\/v2\/pages\/2105","targetHints":{"allow":["GET"]}}],"collection":[{"href":"https:\/\/wp.itiibourgogne.fr\/index.php\/wp-json\/wp\/v2\/pages"}],"about":[{"href":"https:\/\/wp.itiibourgogne.fr\/index.php\/wp-json\/wp\/v2\/types\/page"}],"author":[{"embeddable":true,"href":"https:\/\/wp.itiibourgogne.fr\/index.php\/wp-json\/wp\/v2\/users\/1"}],"replies":[{"embeddable":true,"href":"https:\/\/wp.itiibourgogne.fr\/index.php\/wp-json\/wp\/v2\/comments?post=2105"}],"version-history":[{"count":5,"href":"https:\/\/wp.itiibourgogne.fr\/index.php\/wp-json\/wp\/v2\/pages\/2105\/revisions"}],"predecessor-version":[{"id":10931,"href":"https:\/\/wp.itiibourgogne.fr\/index.php\/wp-json\/wp\/v2\/pages\/2105\/revisions\/10931"}],"wp:attachment":[{"href":"https:\/\/wp.itiibourgogne.fr\/index.php\/wp-json\/wp\/v2\/media?parent=2105"}],"curies":[{"name":"wp","href":"https:\/\/api.w.org\/{rel}","templated":true}]}}