{"id":2728,"date":"2023-03-20T12:54:37","date_gmt":"2023-03-20T12:54:37","guid":{"rendered":"http:\/\/192.168.0.235\/elevate\/?page_id=2728"},"modified":"2024-04-02T15:49:08","modified_gmt":"2024-04-02T13:49:08","slug":"reseau-itii-france","status":"publish","type":"page","link":"https:\/\/wp.itiibourgogne.fr\/index.php\/reseau-itii-france\/","title":{"rendered":"Le r\u00e9seau ITII FRANCE"},"content":{"rendered":"\t\t<div data-elementor-type=\"wp-page\" data-elementor-id=\"2728\" class=\"elementor elementor-2728\">\n\t\t\t\t\t\t\t\t\t<section class=\"elementor-section elementor-top-section elementor-element elementor-element-e0efceb elementor-section-content-middle elementor-section-stretched elementor-section-boxed elementor-section-height-default elementor-section-height-default\" data-id=\"e0efceb\" data-element_type=\"section\" data-settings=\"{&quot;stretch_section&quot;:&quot;section-stretched&quot;,&quot;background_background&quot;:&quot;classic&quot;}\">\n\t\t\t\t\t\t<div class=\"elementor-container elementor-column-gap-default\">\n\t\t\t\t\t<div class=\"elementor-column elementor-col-100 elementor-top-column elementor-element elementor-element-4cb3f03\" data-id=\"4cb3f03\" data-element_type=\"column\">\n\t\t\t<div class=\"elementor-widget-wrap elementor-element-populated\">\n\t\t\t\t\t\t\t\t<div class=\"elementor-element elementor-element-a675661 elementor-widget__width-initial elementor-widget elementor-widget-react-heading\" data-id=\"a675661\" data-element_type=\"widget\" data-widget_type=\"react-heading.default\">\n\t\t\t\t<div class=\"elementor-widget-container\">\n\t\t\t\t  \r\n        <div class=\"react-heading default  title-border-no\">\r\n        \t<div class=\"title-inner no\">        \t\t      \t\t\r\n\t            <span class=\"sub-text\" data-aos-delay=\"200\" data-aos=\"fade-up\" data-aos-duration=\"800\" data-aos-once=\"true\">Les id\u00e9es commencent ENSEMBLE<\/span><h2 class=\"title\" data-aos-delay=\"300\" data-aos=\"fade-up\" data-aos-duration=\"800\" data-aos-once=\"true\">Le r\u00e9seau ITII FRANCE<\/h2>\t        <\/div>\r\n\t\t\t\t        \r\n\t            \r\n        <\/div>\r\n        \t\t<\/div>\n\t\t\t\t<\/div>\n\t\t\t\t<div class=\"elementor-element elementor-element-8f8232c elementor-widget elementor-widget-rts-animated-heading\" data-id=\"8f8232c\" data-element_type=\"widget\" data-widget_type=\"rts-animated-heading.default\">\n\t\t\t\t<div class=\"elementor-widget-container\">\n\t\t\t\t\t<div class=\"banner-marketing stroke-yes\">\r\n\t\t\t<div class=\"banner-title\">\t\t\t\t\t\t\t\r\n\t\t\t\t<div class=\"title\">\t\t\r\n\t\t\t\t\t\t\r\n\t\t\t\t\t<div class=\"changebox\">\r\n\t\t\t\t\t\t\t\t\t\t\t\t\t<span class=\"word\">#lacommuing\u00e9s<\/span>\r\n\t\t\t\t\t\t\t\t\t\t\t\t\t<span class=\"word\">co-construire<\/span>\r\n\t\t\t\t\t\t\t\t\t\t\t\t\t<span class=\"word\">itin\u00e9raire<\/span>\r\n\t\t\t\t\t\t\t\t\t\t\t\t\t<span class=\"word\">industrie<\/span>\r\n\t\t\t\t\t\t\t\t\t\t\t\t\t<span class=\"word\">entreprises<\/span>\r\n\t\t\t\t\t\t\t\t\t\t\t<\/div>\r\n\t\t\t\t\t\r\n\t\t\t\t<\/div>\r\n\t\t\t<\/div>\t\t\t\r\n\t\t<\/div>\r\n\t\t<script>\r\n\t\t\tjQuery(document).ready(function(){\r\n\t\t\tvar words = document.getElementsByClassName('word');\r\n\t\t\tvar wordArray = [];\r\n\t\t\tvar currentWord = 0;\r\n\r\n\t\t\twords[currentWord].style.opacity = 1;\r\n\t\t\tfor (var i = 0; i < words.length; i++) {\r\n\t\t\tsplitLetters(words[i]);\r\n\t\t\t}\r\n\r\n\t\t\tfunction changeWord() {\r\n\t\t\tvar cw = wordArray[currentWord];\r\n\t\t\tvar nw = currentWord == words.length-1 ? wordArray[0] : wordArray[currentWord+1];\r\n\t\t\tfor (var i = 0; i < cw.length; i++) {\r\n\t\t\t\tanimateLetterOut(cw, i);\r\n\t\t\t}\r\n\t\t\t\r\n\t\t\tfor (var i = 0; i < nw.length; i++) {\r\n\t\t\t\tnw[i].className = 'letter behind';\r\n\t\t\t\tnw[0].parentElement.style.opacity = 1;\r\n\t\t\t\tanimateLetterIn(nw, i);\r\n\t\t\t}\r\n\t\t\t\r\n\t\t\tcurrentWord = (currentWord == wordArray.length-1) ? 0 : currentWord+1;\r\n\t\t\t}\r\n\r\n\t\t\tfunction animateLetterOut(cw, i) {\r\n\t\t\tsetTimeout(function() {\r\n\t\t\t\t\tcw[i].className = 'letter out';\r\n\t\t\t}, i*80);\r\n\t\t\t}\r\n\r\n\t\t\tfunction animateLetterIn(nw, i) {\r\n\t\t\tsetTimeout(function() {\r\n\t\t\t\t\tnw[i].className = 'letter in';\r\n\t\t\t}, 340+(i*80));\r\n\t\t\t}\r\n\r\n\t\t\tfunction splitLetters(word) {\r\n\t\t\tvar content = word.innerHTML;\r\n\t\t\tword.innerHTML = '';\r\n\t\t\tvar letters = [];\r\n\t\t\tfor (var i = 0; i < content.length; i++) {\r\n\t\t\t\tvar letter = document.createElement('span');\r\n\t\t\t\tletter.className = 'letter';\r\n\t\t\t\tletter.innerHTML = content.charAt(i);\r\n\t\t\t\tword.appendChild(letter);\r\n\t\t\t\tletters.push(letter);\r\n\t\t\t}\r\n\t\t\t\r\n\t\t\twordArray.push(letters);\r\n\t\t\t}\r\n\r\n\t\t\tchangeWord();\r\n\t\t\tsetInterval(changeWord, 4000);\r\n\t\t\r\n\t\t\t});\r\n\t\t<\/script>\r\n\t\t\t<\/div>\n\t\t\t\t<\/div>\n\t\t\t\t\t<\/div>\n\t\t<\/div>\n\t\t\t\t\t\t\t<\/div>\n\t\t<\/section>\n\t\t\t\t<section class=\"elementor-section elementor-top-section elementor-element elementor-element-917f391 elementor-section-full_width elementor-section-height-min-height elementor-section-stretched elementor-section-height-default elementor-section-items-middle\" data-id=\"917f391\" data-element_type=\"section\" data-settings=\"{&quot;stretch_section&quot;:&quot;section-stretched&quot;,&quot;background_background&quot;:&quot;classic&quot;}\">\n\t\t\t\t\t\t<div class=\"elementor-container elementor-column-gap-default\">\n\t\t\t\t\t<div class=\"elementor-column elementor-col-100 elementor-top-column elementor-element elementor-element-5e63293\" data-id=\"5e63293\" data-element_type=\"column\">\n\t\t\t<div class=\"elementor-widget-wrap elementor-element-populated\">\n\t\t\t\t\t\t\t\t<div class=\"elementor-element elementor-element-dd84d4a elementor-widget__width-initial elementor-invisible elementor-widget elementor-widget-heading\" data-id=\"dd84d4a\" data-element_type=\"widget\" data-settings=\"{&quot;_animation&quot;:&quot;fadeInDown&quot;}\" data-widget_type=\"heading.default\">\n\t\t\t\t<div class=\"elementor-widget-container\">\n\t\t\t<style>\/*! elementor - v3.18.0 - 20-12-2023 *\/\n.elementor-heading-title{padding:0;margin:0;line-height:1}.elementor-widget-heading .elementor-heading-title[class*=elementor-size-]>a{color:inherit;font-size:inherit;line-height:inherit}.elementor-widget-heading .elementor-heading-title.elementor-size-small{font-size:15px}.elementor-widget-heading .elementor-heading-title.elementor-size-medium{font-size:19px}.elementor-widget-heading .elementor-heading-title.elementor-size-large{font-size:29px}.elementor-widget-heading .elementor-heading-title.elementor-size-xl{font-size:39px}.elementor-widget-heading .elementor-heading-title.elementor-size-xxl{font-size:59px}<\/style><h2 class=\"elementor-heading-title elementor-size-default\">LA CONF\u00c9RENCE DES ITII<\/h2>\t\t<\/div>\n\t\t\t\t<\/div>\n\t\t\t\t<div class=\"elementor-element elementor-element-9975a45 elementor-widget elementor-widget-text-editor\" data-id=\"9975a45\" data-element_type=\"widget\" data-widget_type=\"text-editor.default\">\n\t\t\t\t<div class=\"elementor-widget-container\">\n\t\t\t<style>\/*! elementor - v3.18.0 - 20-12-2023 *\/\n.elementor-widget-text-editor.elementor-drop-cap-view-stacked .elementor-drop-cap{background-color:#69727d;color:#fff}.elementor-widget-text-editor.elementor-drop-cap-view-framed .elementor-drop-cap{color:#69727d;border:3px solid;background-color:transparent}.elementor-widget-text-editor:not(.elementor-drop-cap-view-default) .elementor-drop-cap{margin-top:8px}.elementor-widget-text-editor:not(.elementor-drop-cap-view-default) .elementor-drop-cap-letter{width:1em;height:1em}.elementor-widget-text-editor .elementor-drop-cap{float:left;text-align:center;line-height:1;font-size:50px}.elementor-widget-text-editor .elementor-drop-cap-letter{display:inline-block}<\/style>\t\t\t\t<p>Les Instituts des Techniques d&#8217;Ing\u00e9nieur de l&#8217;Industrie ont \u00e9t\u00e9 cr\u00e9\u00e9s \u00e0 partir de 1990\u00a0dans chaque r\u00e9gion \u00e0 l&#8217;initiative de l&#8217;UIMM pour r\u00e9pondre aux besoins des entreprises.<br \/>La Conf\u00e9rence des ITII assure une coordination au niveau national de ces 23 ITIIs.<br \/>Une charte en garantit la qualit\u00e9.\u00a0<\/p>\t\t\t\t\t\t<\/div>\n\t\t\t\t<\/div>\n\t\t\t\t<div class=\"elementor-element elementor-element-7970052 elementor-button-warning elementor-align-center elementor-widget elementor-widget-button\" data-id=\"7970052\" data-element_type=\"widget\" data-widget_type=\"button.default\">\n\t\t\t\t<div class=\"elementor-widget-container\">\n\t\t\t\t\t<div class=\"elementor-button-wrapper\">\n\t\t\t<a class=\"elementor-button elementor-button-link elementor-size-sm\" href=\"https:\/\/www.itii-ingenieur.fr\/\" target=\"_blank\">\n\t\t\t\t\t\t<span class=\"elementor-button-content-wrapper\">\n\t\t\t\t\t\t<span class=\"elementor-button-text\">Site ITII<\/span>\n\t\t<\/span>\n\t\t\t\t\t<\/a>\n\t\t<\/div>\n\t\t\t\t<\/div>\n\t\t\t\t<\/div>\n\t\t\t\t\t<\/div>\n\t\t<\/div>\n\t\t\t\t\t\t\t<\/div>\n\t\t<\/section>\n\t\t\t\t<section class=\"elementor-section elementor-top-section elementor-element elementor-element-16c7159 elementor-section-stretched elementor-section-boxed elementor-section-height-default elementor-section-height-default\" data-id=\"16c7159\" data-element_type=\"section\" data-settings=\"{&quot;stretch_section&quot;:&quot;section-stretched&quot;}\">\n\t\t\t\t\t\t<div class=\"elementor-container elementor-column-gap-default\">\n\t\t\t\t\t<div class=\"elementor-column elementor-col-100 elementor-top-column elementor-element elementor-element-2f97f36\" data-id=\"2f97f36\" data-element_type=\"column\">\n\t\t\t<div class=\"elementor-widget-wrap\">\n\t\t\t\t\t\t\t\t\t<\/div>\n\t\t<\/div>\n\t\t\t\t\t\t\t<\/div>\n\t\t<\/section>\n\t\t\t\t\t\t\t<\/div>\n\t\t","protected":false},"excerpt":{"rendered":"<p>Les id\u00e9es commencent ENSEMBLE Le r\u00e9seau ITII FRANCE #lacommuing\u00e9s co-construire itin\u00e9raire industrie entreprises LA CONF\u00c9RENCE DES ITII Les Instituts des Techniques d&#8217;Ing\u00e9nieur de l&#8217;Industrie ont \u00e9t\u00e9 cr\u00e9\u00e9s \u00e0 partir de 1990\u00a0dans chaque r\u00e9gion \u00e0 l&#8217;initiative de l&#8217;UIMM pour r\u00e9pondre aux besoins des entreprises.La Conf\u00e9rence des ITII assure une coordination au niveau national de ces 23&#8230;<\/p>\n","protected":false},"author":1,"featured_media":0,"parent":0,"menu_order":0,"comment_status":"closed","ping_status":"closed","template":"","meta":{"_monsterinsights_skip_tracking":false,"_monsterinsights_sitenote_active":false,"_monsterinsights_sitenote_note":"","_monsterinsights_sitenote_category":0,"footnotes":""},"class_list":["post-2728","page","type-page","status-publish","hentry"],"aioseo_notices":[],"_links":{"self":[{"href":"https:\/\/wp.itiibourgogne.fr\/index.php\/wp-json\/wp\/v2\/pages\/2728","targetHints":{"allow":["GET"]}}],"collection":[{"href":"https:\/\/wp.itiibourgogne.fr\/index.php\/wp-json\/wp\/v2\/pages"}],"about":[{"href":"https:\/\/wp.itiibourgogne.fr\/index.php\/wp-json\/wp\/v2\/types\/page"}],"author":[{"embeddable":true,"href":"https:\/\/wp.itiibourgogne.fr\/index.php\/wp-json\/wp\/v2\/users\/1"}],"replies":[{"embeddable":true,"href":"https:\/\/wp.itiibourgogne.fr\/index.php\/wp-json\/wp\/v2\/comments?post=2728"}],"version-history":[{"count":29,"href":"https:\/\/wp.itiibourgogne.fr\/index.php\/wp-json\/wp\/v2\/pages\/2728\/revisions"}],"predecessor-version":[{"id":11000,"href":"https:\/\/wp.itiibourgogne.fr\/index.php\/wp-json\/wp\/v2\/pages\/2728\/revisions\/11000"}],"wp:attachment":[{"href":"https:\/\/wp.itiibourgogne.fr\/index.php\/wp-json\/wp\/v2\/media?parent=2728"}],"curies":[{"name":"wp","href":"https:\/\/api.w.org\/{rel}","templated":true}]}}