{"id":8410,"date":"2023-04-01T08:17:29","date_gmt":"2023-04-01T08:17:29","guid":{"rendered":"http:\/\/192.168.0.235\/elevate\/?page_id=8410"},"modified":"2024-03-29T10:28:04","modified_gmt":"2024-03-29T09:28:04","slug":"campus-nevers","status":"publish","type":"page","link":"https:\/\/wp.itiibourgogne.fr\/index.php\/campus-nevers\/","title":{"rendered":"Campus de NEVERS"},"content":{"rendered":"\t\t<div data-elementor-type=\"wp-page\" data-elementor-id=\"8410\" class=\"elementor elementor-8410\">\n\t\t\t\t\t\t\t\t\t<section class=\"elementor-section elementor-top-section elementor-element elementor-element-00861cd elementor-section-stretched elementor-section-boxed elementor-section-height-default elementor-section-height-default\" data-id=\"00861cd\" data-element_type=\"section\" data-settings=\"{&quot;stretch_section&quot;:&quot;section-stretched&quot;,&quot;background_background&quot;:&quot;classic&quot;}\">\n\t\t\t\t\t\t<div class=\"elementor-container elementor-column-gap-default\">\n\t\t\t\t\t<div class=\"elementor-column elementor-col-100 elementor-top-column elementor-element elementor-element-3f0cda7\" data-id=\"3f0cda7\" data-element_type=\"column\">\n\t\t\t<div class=\"elementor-widget-wrap elementor-element-populated\">\n\t\t\t\t\t\t\t\t<section class=\"elementor-section elementor-inner-section elementor-element elementor-element-7382605 elementor-section-boxed elementor-section-height-default elementor-section-height-default\" data-id=\"7382605\" data-element_type=\"section\">\n\t\t\t\t\t\t<div class=\"elementor-container elementor-column-gap-default\">\n\t\t\t\t\t<div class=\"elementor-column elementor-col-50 elementor-inner-column elementor-element elementor-element-7a9bde0\" data-id=\"7a9bde0\" data-element_type=\"column\">\n\t\t\t<div class=\"elementor-widget-wrap elementor-element-populated\">\n\t\t\t\t\t\t\t\t<div class=\"elementor-element elementor-element-e5453eb elementor-widget elementor-widget-react-heading\" data-id=\"e5453eb\" data-element_type=\"widget\" data-widget_type=\"react-heading.default\">\n\t\t\t\t<div class=\"elementor-widget-container\">\n\t\t\t\t  \r\n        <div class=\"react-heading default  title-border-no\">\r\n        \t<div class=\"title-inner no\">        \t\t      \t\t\r\n\t            <span class=\"sub-text\" data-aos-delay=\"200\" data-aos=\"fade-up\" data-aos-duration=\"800\" data-aos-once=\"true\">Un cadre de vie agr\u00e9able<\/span><h2 class=\"title\" data-aos-delay=\"300\" data-aos=\"fade-up\" data-aos-duration=\"800\" data-aos-once=\"true\">NEVERS<\/h2>\t        <\/div>\r\n\t\t\t\t        \r\n\t            \r\n        <\/div>\r\n        \t\t<\/div>\n\t\t\t\t<\/div>\n\t\t\t\t<div class=\"elementor-element elementor-element-cce5af0 elementor-widget elementor-widget-rt-custom-accordions\" data-id=\"cce5af0\" data-element_type=\"widget\" data-widget_type=\"rt-custom-accordions.default\">\n\t\t\t\t<div class=\"elementor-widget-container\">\n\t\t\t        <div class=\"rts-accordion style1\" id=\"accordionExample4208\">\n                                            \n         \n                <div class=\"accordion-item\">\n                        <div class=\"accordion-header\" id=\"heading-42081\">\n                            <button class=\"accordion-button \" type=\"button\" data-bs-toggle=\"collapse\" data-bs-target=\"#collapse42081\" aria-expanded=\"true\" aria-controls=\"collapse42081\">\n                            Une ville universitaire \n                            <\/button>\n                        <\/div>\n                        <div id=\"collapse42081\" class=\"accordion-collapse collapse show\" aria-labelledby=\"heading42081\" data-bs-parent=\"#accordionExample4208\">\n                            <div class=\"accordion-body\">\n                            Nevers se situe \u00e0 2h de Paris, Clermont-Ferrand, Orl\u00e9ans et \u00e0 3h de Lyon.\nDes logements adapt\u00e9s aux \u00e9tudiants, une ville bien desservie par les transports en commun, un cadre de vie verdoyant et facile d&#039;acc\u00e8s... Que demander de plus ?\nVous recherchez un logement ? Charline Moreau vous proposera une liste d\u00e9di\u00e9e aux apprentis : 03 86 59 73 75                            <\/div>\n                        <\/div>\n                <\/div>\n                                            \n         \n                <div class=\"accordion-item\">\n                        <div class=\"accordion-header\" id=\"heading-42082\">\n                            <button class=\"accordion-button collapsed\" type=\"button\" data-bs-toggle=\"collapse\" data-bs-target=\"#collapse42082\" aria-expanded=\"false\" aria-controls=\"collapse42082\">\n                            Un campus situ\u00e9 au P\u00f4le Formation 58-89 \n                            <\/button>\n                        <\/div>\n                        <div id=\"collapse42082\" class=\"accordion-collapse collapse \" aria-labelledby=\"heading42082\" data-bs-parent=\"#accordionExample4208\">\n                            <div class=\"accordion-body\">\n                            L\u2019ITII Bourgogne a son si\u00e8ge au sein du P\u00f4le Formation 58-89 qui, au travers de son \u00e9quipe p\u00e9dagogique, pilote les interventions des formateurs du monde professionnel. Il met \u00e0 disposition des apprentis ses infrastructures, ateliers, ilots de formations individualis\u00e9s, sa ligne de production et son personnel d\u2019encadrement des jeunes.\n\nUn de ses r\u00f4les essentiels est la mise en \u0153uvre de l\u2019apprentissage notamment via les actions \u00e0 destination des ma\u00eetres d\u2019apprentissage.                            <\/div>\n                        <\/div>\n                <\/div>\n                                            \n         \n                <div class=\"accordion-item\">\n                        <div class=\"accordion-header\" id=\"heading-42083\">\n                            <button class=\"accordion-button collapsed\" type=\"button\" data-bs-toggle=\"collapse\" data-bs-target=\"#collapse42083\" aria-expanded=\"false\" aria-controls=\"collapse42083\">\n                            L'ISAT \n                            <\/button>\n                        <\/div>\n                        <div id=\"collapse42083\" class=\"accordion-collapse collapse \" aria-labelledby=\"heading42083\" data-bs-parent=\"#accordionExample4208\">\n                            <div class=\"accordion-body\">\n                            L&#039;ISAT (Institut Sup\u00e9rieur de l&#039;Automobile et des Transports) fut cr\u00e9\u00e9 en 1991 et rattach\u00e9 \u00e0 l\u2019Universit\u00e9 de Bourgogne. L\u2019ISAT est en France la seule \u00e9cole publique d\u2019ing\u00e9nieurs sp\u00e9cialis\u00e9e dans les m\u00e9tiers de l\u2019Automobile et des Transports (49 rue Mademoiselle Bourgeois, 58027 NEVERS ).\n\nAnticipant la r\u00e9volution du secteur automobile, l&#039;ISAT affiche aujourd\u2019hui fi\u00e8rement sa maturit\u00e9 avec ses deux d\u00e9partements (EP2E et CC), son laboratoire de recherche (DRIVE) et son laboratoire public-priv\u00e9 (IDMotion).\n\n                            <\/div>\n                        <\/div>\n                <\/div>\n                              \n                  \n            <\/div>            \n        \t\t<\/div>\n\t\t\t\t<\/div>\n\t\t\t\t\t<\/div>\n\t\t<\/div>\n\t\t\t\t<div class=\"elementor-column elementor-col-50 elementor-inner-column elementor-element elementor-element-e3fea78\" data-id=\"e3fea78\" data-element_type=\"column\">\n\t\t\t<div class=\"elementor-widget-wrap elementor-element-populated\">\n\t\t\t\t\t\t\t\t<div class=\"elementor-element elementor-element-e3c9685 elementor-arrows-position-inside elementor-pagination-position-outside elementor-widget elementor-widget-image-carousel\" data-id=\"e3c9685\" data-element_type=\"widget\" data-settings=\"{&quot;navigation&quot;:&quot;both&quot;,&quot;autoplay&quot;:&quot;yes&quot;,&quot;pause_on_hover&quot;:&quot;yes&quot;,&quot;pause_on_interaction&quot;:&quot;yes&quot;,&quot;autoplay_speed&quot;:5000,&quot;infinite&quot;:&quot;yes&quot;,&quot;speed&quot;:500}\" data-widget_type=\"image-carousel.default\">\n\t\t\t\t<div class=\"elementor-widget-container\">\n\t\t\t<style>\/*! elementor - v3.18.0 - 20-12-2023 *\/\n.elementor-widget-image-carousel .swiper,.elementor-widget-image-carousel .swiper-container{position:static}.elementor-widget-image-carousel .swiper-container .swiper-slide figure,.elementor-widget-image-carousel .swiper .swiper-slide figure{line-height:inherit}.elementor-widget-image-carousel .swiper-slide{text-align:center}.elementor-image-carousel-wrapper:not(.swiper-container-initialized):not(.swiper-initialized) .swiper-slide{max-width:calc(100% \/ var(--e-image-carousel-slides-to-show, 3))}<\/style>\t\t<div class=\"elementor-image-carousel-wrapper swiper\" dir=\"ltr\">\n\t\t\t<div class=\"elementor-image-carousel swiper-wrapper\" aria-live=\"off\">\n\t\t\t\t\t\t\t\t<div class=\"swiper-slide\" role=\"group\" aria-roledescription=\"slide\" aria-label=\"1 sur 3\"><figure class=\"swiper-slide-inner\"><img decoding=\"async\" class=\"swiper-slide-image\" src=\"https:\/\/wp.itiibourgogne.fr\/wp-content\/uploads\/2024\/03\/IMG_1836-Grande-768x1024.jpeg\" alt=\"IMG_1836 Grande\" \/><\/figure><\/div><div class=\"swiper-slide\" role=\"group\" aria-roledescription=\"slide\" aria-label=\"2 sur 3\"><figure class=\"swiper-slide-inner\"><img decoding=\"async\" class=\"swiper-slide-image\" src=\"https:\/\/wp.itiibourgogne.fr\/wp-content\/uploads\/2024\/03\/IMG_1878-Grande-768x1024.jpeg\" alt=\"IMG_1878 Grande\" \/><\/figure><\/div><div class=\"swiper-slide\" role=\"group\" aria-roledescription=\"slide\" aria-label=\"3 sur 3\"><figure class=\"swiper-slide-inner\"><img decoding=\"async\" class=\"swiper-slide-image\" src=\"https:\/\/wp.itiibourgogne.fr\/wp-content\/uploads\/2024\/03\/IMG_1839-Grande-e1711702513696-768x788.jpeg\" alt=\"itii-nevers\" \/><\/figure><\/div>\t\t\t<\/div>\n\t\t\t\t\t\t\t\t\t\t\t\t<div class=\"elementor-swiper-button elementor-swiper-button-prev\" role=\"button\" tabindex=\"0\">\n\t\t\t\t\t\t<svg aria-hidden=\"true\" class=\"e-font-icon-svg e-eicon-chevron-left\" viewBox=\"0 0 1000 1000\" xmlns=\"http:\/\/www.w3.org\/2000\/svg\"><path d=\"M646 125C629 125 613 133 604 142L308 442C296 454 292 471 292 487 292 504 296 521 308 533L604 854C617 867 629 875 646 875 663 875 679 871 692 858 704 846 713 829 713 812 713 796 708 779 692 767L438 487 692 225C700 217 708 204 708 187 708 171 704 154 692 142 675 129 663 125 646 125Z\"><\/path><\/svg>\t\t\t\t\t<\/div>\n\t\t\t\t\t<div class=\"elementor-swiper-button elementor-swiper-button-next\" role=\"button\" tabindex=\"0\">\n\t\t\t\t\t\t<svg aria-hidden=\"true\" class=\"e-font-icon-svg e-eicon-chevron-right\" viewBox=\"0 0 1000 1000\" xmlns=\"http:\/\/www.w3.org\/2000\/svg\"><path d=\"M696 533C708 521 713 504 713 487 713 471 708 454 696 446L400 146C388 133 375 125 354 125 338 125 325 129 313 142 300 154 292 171 292 187 292 204 296 221 308 233L563 492 304 771C292 783 288 800 288 817 288 833 296 850 308 863 321 871 338 875 354 875 371 875 388 867 400 854L696 533Z\"><\/path><\/svg>\t\t\t\t\t<\/div>\n\t\t\t\t\n\t\t\t\t\t\t\t\t\t<div class=\"swiper-pagination\"><\/div>\n\t\t\t\t\t\t\t\t\t<\/div>\n\t\t\t\t<\/div>\n\t\t\t\t<\/div>\n\t\t\t\t\t<\/div>\n\t\t<\/div>\n\t\t\t\t\t\t\t<\/div>\n\t\t<\/section>\n\t\t\t\t\t<\/div>\n\t\t<\/div>\n\t\t\t\t\t\t\t<\/div>\n\t\t<\/section>\n\t\t\t\t\t\t\t<\/div>\n\t\t","protected":false},"excerpt":{"rendered":"<p>Un cadre de vie agr\u00e9able NEVERS Une ville universitaire Nevers se situe \u00e0 2h de Paris, Clermont-Ferrand, Orl\u00e9ans et \u00e0 3h de Lyon. Des logements adapt\u00e9s aux \u00e9tudiants, une ville bien desservie par les transports en commun, un cadre de vie verdoyant et facile d&#039;acc\u00e8s&#8230; Que demander de plus ? Vous recherchez un logement ?&#8230;<\/p>\n","protected":false},"author":1,"featured_media":0,"parent":0,"menu_order":0,"comment_status":"closed","ping_status":"closed","template":"","meta":{"_monsterinsights_skip_tracking":false,"_monsterinsights_sitenote_active":false,"_monsterinsights_sitenote_note":"","_monsterinsights_sitenote_category":0,"footnotes":""},"class_list":["post-8410","page","type-page","status-publish","hentry"],"aioseo_notices":[],"_links":{"self":[{"href":"https:\/\/wp.itiibourgogne.fr\/index.php\/wp-json\/wp\/v2\/pages\/8410","targetHints":{"allow":["GET"]}}],"collection":[{"href":"https:\/\/wp.itiibourgogne.fr\/index.php\/wp-json\/wp\/v2\/pages"}],"about":[{"href":"https:\/\/wp.itiibourgogne.fr\/index.php\/wp-json\/wp\/v2\/types\/page"}],"author":[{"embeddable":true,"href":"https:\/\/wp.itiibourgogne.fr\/index.php\/wp-json\/wp\/v2\/users\/1"}],"replies":[{"embeddable":true,"href":"https:\/\/wp.itiibourgogne.fr\/index.php\/wp-json\/wp\/v2\/comments?post=8410"}],"version-history":[{"count":6,"href":"https:\/\/wp.itiibourgogne.fr\/index.php\/wp-json\/wp\/v2\/pages\/8410\/revisions"}],"predecessor-version":[{"id":10918,"href":"https:\/\/wp.itiibourgogne.fr\/index.php\/wp-json\/wp\/v2\/pages\/8410\/revisions\/10918"}],"wp:attachment":[{"href":"https:\/\/wp.itiibourgogne.fr\/index.php\/wp-json\/wp\/v2\/media?parent=8410"}],"curies":[{"name":"wp","href":"https:\/\/api.w.org\/{rel}","templated":true}]}}