{"id":9225,"date":"2023-04-02T09:44:09","date_gmt":"2023-04-02T09:44:09","guid":{"rendered":"http:\/\/192.168.0.235\/elevate\/?page_id=9225"},"modified":"2024-05-30T12:04:18","modified_gmt":"2024-05-30T10:04:18","slug":"metiers","status":"publish","type":"page","link":"https:\/\/wp.itiibourgogne.fr\/index.php\/metiers\/","title":{"rendered":"Les m\u00e9tiers vis\u00e9s"},"content":{"rendered":"\t\t<div data-elementor-type=\"wp-page\" data-elementor-id=\"9225\" class=\"elementor elementor-9225\">\n\t\t\t\t\t\t\t\t\t<section class=\"elementor-section elementor-top-section elementor-element elementor-element-89e122c elementor-section-content-middle elementor-section-boxed elementor-section-height-default elementor-section-height-default\" data-id=\"89e122c\" data-element_type=\"section\">\n\t\t\t\t\t\t<div class=\"elementor-container elementor-column-gap-default\">\n\t\t\t\t\t<div class=\"elementor-column elementor-col-50 elementor-top-column elementor-element elementor-element-0497e04\" data-id=\"0497e04\" data-element_type=\"column\">\n\t\t\t<div class=\"elementor-widget-wrap elementor-element-populated\">\n\t\t\t\t\t\t\t\t<div class=\"elementor-element elementor-element-2664d2c elementor-widget elementor-widget-rt-react-image\" data-id=\"2664d2c\" data-element_type=\"widget\" data-widget_type=\"rt-react-image.default\">\n\t\t\t\t<div class=\"elementor-widget-container\">\n\t\t\t                   <div class=\"reveal-item overflow-hidden aos-init\">\n                <div class=\"reveal-animation reveal-end reveal-primary aos aos-init\" data-aos=\"reveal-end\"><\/div>\n                <img decoding=\"async\" class=\"react-multi-image  \" src=\"https:\/\/wp.itiibourgogne.fr\/wp-content\/uploads\/2024\/03\/people-safety-equipment-their-workplace-Grande.jpeg\" alt=\"image\"\/>\n            <\/div>\n                    \n               \n    \t\t<\/div>\n\t\t\t\t<\/div>\n\t\t\t\t\t<\/div>\n\t\t<\/div>\n\t\t\t\t<div class=\"elementor-column elementor-col-50 elementor-top-column elementor-element elementor-element-26bdaf0\" data-id=\"26bdaf0\" data-element_type=\"column\">\n\t\t\t<div class=\"elementor-widget-wrap elementor-element-populated\">\n\t\t\t\t\t\t\t\t<div class=\"elementor-element elementor-element-af7bf63 elementor-widget elementor-widget-react-heading\" data-id=\"af7bf63\" data-element_type=\"widget\" data-widget_type=\"react-heading.default\">\n\t\t\t\t<div class=\"elementor-widget-container\">\n\t\t\t\t  \r\n        <div class=\"react-heading default left title-border-no\">\r\n        \t<div class=\"title-inner no\">        \t\t      \t\t\r\n\t            <span class=\"sub-text\" data-aos-delay=\"200\" data-aos=\"fade-up\" data-aos-duration=\"800\" data-aos-once=\"true\">Quel avenir ...<\/span><h2 class=\"title\" data-aos-delay=\"300\" data-aos=\"fade-up\" data-aos-duration=\"800\" data-aos-once=\"true\">Avec le dipl\u00f4me de la fili\u00e8re G\u00e9nie Industriel<\/h2>\t        <\/div>\r\n\t\t\t\t                    \t<div  class=\"description\" data-aos-delay=\"350\" data-aos=\"fade-up\" data-aos-duration=\"800\" data-aos-once=\"true\">\r\n            \t\t<p align=\"JUSTIFY\">Les m\u00e9tiers auxquels pr\u00e9pare la formation sont vari\u00e9s, tout comme les secteurs d'activit\u00e9 o\u00f9 les ing\u00e9nieurs en g\u00e9nie industriel peuvent exprimer leurs talents.<\/p><p align=\"JUSTIFY\">La\u00a0p\u00e9dagogie de l'alternance et l'exp\u00e9rience acquise\u00a0garantissent un placement extr\u00eamement rapide des dipl\u00f4m\u00e9s dans des entreprises de toutes tailles (de la PME au groupe international), fran\u00e7aises ou \u00e9trang\u00e8res.<\/p><p align=\"JUSTIFY\">Les dipl\u00f4m\u00e9s postulent sur des fonctions orient\u00e9es production et des m\u00e9tiers supports \u00e0 la production (industrialisation, m\u00e9thodes, logistique, maintenance, qualit\u00e9 et s\u00e9curit\u00e9). Ils occupent ces postes avec une responsabilit\u00e9 hi\u00e9rarchique ou transversale.<br \/><br \/><em>Quelques postes occup\u00e9s par les jeunes dipl\u00f4m\u00e9s : responsable production, qualit\u00e9, ordonnancement, industrialisation, logistique, maintenance, travaux neuf, ing\u00e9nieur m\u00e9thodes, chef de projet\u2026<\/em><\/p>            \t\t\r\n            \t<\/div>\r\n        \t\r\n\t            \r\n        <\/div>\r\n        \t\t<\/div>\n\t\t\t\t<\/div>\n\t\t\t\t\t<\/div>\n\t\t<\/div>\n\t\t\t\t\t\t\t<\/div>\n\t\t<\/section>\n\t\t\t\t<section class=\"elementor-section elementor-top-section elementor-element elementor-element-cc1b360 elementor-section-stretched elementor-section-boxed elementor-section-height-default elementor-section-height-default\" data-id=\"cc1b360\" data-element_type=\"section\" data-settings=\"{&quot;stretch_section&quot;:&quot;section-stretched&quot;,&quot;background_background&quot;:&quot;classic&quot;}\">\n\t\t\t\t\t\t<div class=\"elementor-container elementor-column-gap-default\">\n\t\t\t\t\t<div class=\"elementor-column elementor-col-100 elementor-top-column elementor-element elementor-element-dba6843\" data-id=\"dba6843\" data-element_type=\"column\">\n\t\t\t<div class=\"elementor-widget-wrap elementor-element-populated\">\n\t\t\t\t\t\t\t\t<section class=\"elementor-section elementor-inner-section elementor-element elementor-element-27b8079 elementor-section-content-middle elementor-reverse-mobile elementor-section-boxed elementor-section-height-default elementor-section-height-default\" data-id=\"27b8079\" data-element_type=\"section\">\n\t\t\t\t\t\t<div class=\"elementor-container elementor-column-gap-default\">\n\t\t\t\t\t<div class=\"elementor-column elementor-col-50 elementor-inner-column elementor-element elementor-element-a0fd3f6\" data-id=\"a0fd3f6\" data-element_type=\"column\">\n\t\t\t<div class=\"elementor-widget-wrap elementor-element-populated\">\n\t\t\t\t\t\t\t\t<div class=\"elementor-element elementor-element-96a37a2 elementor-widget elementor-widget-react-heading\" data-id=\"96a37a2\" data-element_type=\"widget\" data-widget_type=\"react-heading.default\">\n\t\t\t\t<div class=\"elementor-widget-container\">\n\t\t\t\t  \r\n        <div class=\"react-heading default left title-border-no\">\r\n        \t<div class=\"title-inner no\">        \t\t      \t\t\r\n\t            <span class=\"sub-text\" data-aos-delay=\"200\" data-aos=\"fade-up\" data-aos-duration=\"800\" data-aos-once=\"true\">Quel avenir...<\/span><h2 class=\"title\" data-aos-delay=\"300\" data-aos=\"fade-up\" data-aos-duration=\"800\" data-aos-once=\"true\">Avec le dipl\u00f4me de la fili\u00e8re G\u00e9nie M\u00e9canique<\/h2>\t        <\/div>\r\n\t\t\t\t                    \t<div  class=\"description\" data-aos-delay=\"350\" data-aos=\"fade-up\" data-aos-duration=\"800\" data-aos-once=\"true\">\r\n            \t\t<p align=\"JUSTIFY\">L'ing\u00e9nieur en g\u00e9nie m\u00e9canique se positionnera sur des fonctions d'<b>\u00e9tude<\/b>\u00a0et\u00a0de\u00a0<b>conception<\/b>\u00a0de\u00a0<b>produit<\/b>s ou de\u00a0<b>process<\/b>.\u00a0Pour ces postes, il\u00a0peut \u00eatre en position hi\u00e9rarchique ou fonctionnelle en tant que chef de projet.<\/p><p align=\"JUSTIFY\">Les missions de l\u2019ing\u00e9nieur en GM, option Ergonomie Biom\u00e9canique :<br \/>- Concevoir ou adapter les produits ou process aux contraintes m\u00e9caniques du corps humain.<br \/>- Optimiser l\u2019interface homme\/machine dans le cadre de la pr\u00e9vention des risques, l\u2019am\u00e9lioration des gestes et postures.<br \/>- Faire converger les sp\u00e9cifications techniques et celles de l\u2019humain pour diminuer l\u2019inconfort.<\/p><p align=\"JUSTIFY\">Les missions de l\u2019ing\u00e9nieur en G\u00e9nie M\u00e9canique, option \"Achats techniques\" :<br \/>- Reconception des produits et des proc\u00e9d\u00e9s de fabrication pour contribuer \u00e0 la diminution des co\u00fbts.<br \/>- Vision globale de la conception, choix de solutions externalis\u00e9es.<br \/>- Ma\u00eetriser les achats techniques, identifier les opportunit\u00e9s de changement.<\/p><p align=\"JUSTIFY\"><em>Quelques postes occup\u00e9s par les jeunes dipl\u00f4m\u00e9s : responsable bureau d'\u00e9tudes, achats, ing\u00e9nieur recherche,\u00a0d'essais, de conception, d\u2019affaires, chef de projet\u2026<\/em><\/p>            \t\t\r\n            \t<\/div>\r\n        \t\r\n\t            \r\n        <\/div>\r\n        \t\t<\/div>\n\t\t\t\t<\/div>\n\t\t\t\t\t<\/div>\n\t\t<\/div>\n\t\t\t\t<div class=\"elementor-column elementor-col-50 elementor-inner-column elementor-element elementor-element-206f11f\" data-id=\"206f11f\" data-element_type=\"column\">\n\t\t\t<div class=\"elementor-widget-wrap elementor-element-populated\">\n\t\t\t\t\t\t\t\t<div class=\"elementor-element elementor-element-3bc148a elementor-widget elementor-widget-rt-react-image\" data-id=\"3bc148a\" data-element_type=\"widget\" data-widget_type=\"rt-react-image.default\">\n\t\t\t\t<div class=\"elementor-widget-container\">\n\t\t\t                   <div class=\"reveal-item overflow-hidden aos-init\">\n                <div class=\"reveal-animation reveal-end reveal-primary aos aos-init\" data-aos=\"reveal-end\"><\/div>\n                <img decoding=\"async\" class=\"react-multi-image  \" src=\"https:\/\/wp.itiibourgogne.fr\/wp-content\/uploads\/2024\/03\/african-american-developer-setting-up-gears-model-manufacturing-software-developing-engine-product-technical-industry-innovation-creating-turbine-design-with-industrial-cad-science-Grande.jpeg\" alt=\"image\"\/>\n            <\/div>\n                    \n               \n    \t\t<\/div>\n\t\t\t\t<\/div>\n\t\t\t\t\t<\/div>\n\t\t<\/div>\n\t\t\t\t\t\t\t<\/div>\n\t\t<\/section>\n\t\t\t\t\t<\/div>\n\t\t<\/div>\n\t\t\t\t\t\t\t<\/div>\n\t\t<\/section>\n\t\t\t\t\t\t\t<\/div>\n\t\t","protected":false},"excerpt":{"rendered":"<p>Quel avenir &#8230; Avec le dipl\u00f4me de la fili\u00e8re G\u00e9nie Industriel Les m\u00e9tiers auxquels pr\u00e9pare la formation sont vari\u00e9s, tout comme les secteurs d&#8217;activit\u00e9 o\u00f9 les ing\u00e9nieurs en g\u00e9nie industriel peuvent exprimer leurs talents. La\u00a0p\u00e9dagogie de l&#8217;alternance et l&#8217;exp\u00e9rience acquise\u00a0garantissent un placement extr\u00eamement rapide des dipl\u00f4m\u00e9s dans des entreprises de toutes tailles (de la PME&#8230;<\/p>\n","protected":false},"author":1,"featured_media":0,"parent":0,"menu_order":0,"comment_status":"closed","ping_status":"closed","template":"","meta":{"_monsterinsights_skip_tracking":false,"_monsterinsights_sitenote_active":false,"_monsterinsights_sitenote_note":"","_monsterinsights_sitenote_category":0,"footnotes":""},"class_list":["post-9225","page","type-page","status-publish","hentry"],"aioseo_notices":[],"_links":{"self":[{"href":"https:\/\/wp.itiibourgogne.fr\/index.php\/wp-json\/wp\/v2\/pages\/9225","targetHints":{"allow":["GET"]}}],"collection":[{"href":"https:\/\/wp.itiibourgogne.fr\/index.php\/wp-json\/wp\/v2\/pages"}],"about":[{"href":"https:\/\/wp.itiibourgogne.fr\/index.php\/wp-json\/wp\/v2\/types\/page"}],"author":[{"embeddable":true,"href":"https:\/\/wp.itiibourgogne.fr\/index.php\/wp-json\/wp\/v2\/users\/1"}],"replies":[{"embeddable":true,"href":"https:\/\/wp.itiibourgogne.fr\/index.php\/wp-json\/wp\/v2\/comments?post=9225"}],"version-history":[{"count":12,"href":"https:\/\/wp.itiibourgogne.fr\/index.php\/wp-json\/wp\/v2\/pages\/9225\/revisions"}],"predecessor-version":[{"id":11209,"href":"https:\/\/wp.itiibourgogne.fr\/index.php\/wp-json\/wp\/v2\/pages\/9225\/revisions\/11209"}],"wp:attachment":[{"href":"https:\/\/wp.itiibourgogne.fr\/index.php\/wp-json\/wp\/v2\/media?parent=9225"}],"curies":[{"name":"wp","href":"https:\/\/api.w.org\/{rel}","templated":true}]}}